{"id":3546,"date":"2024-02-28T01:10:38","date_gmt":"2024-02-28T01:10:38","guid":{"rendered":"https:\/\/www.restaurantun.com\/reservation\/"},"modified":"2024-05-29T09:58:24","modified_gmt":"2024-05-29T09:58:24","slug":"reservation","status":"publish","type":"page","link":"https:\/\/www.restaurantun.com\/de\/reservation\/","title":{"rendered":"Reservation"},"content":{"rendered":"<div>\n<h3>Tisch reservieren<\/h3>\n<div>\n<p>*Reservierung 24 Stunden im Voraus erforderlich. <\/br>F\u00fcr etwaige Unvertr\u00e4glichkeiten kontaktieren Sie bitte das Farmhouse Resort vor Ihrer Ankunft.<\/p>\n<p>5 -G\u00e4nge-Men\u00fc: 100 USD pro Erwachsener (Preise ohne Getr\u00e4nke)<br \/>7-G\u00e4nge-Men\u00fc: 120 USD pro erwachsener Person (Preise ohne Getr\u00e4nke)<br \/>CHEF&#8217;s TABLE 7-COURSE: USD 160 Per Adult (Only Available Mon &amp; Sun)<\/p>\n<\/p>\n<p><\/p>\n <div id=\"form_id1487293887735\"  class=\"wpbc_container wpbc_container_booking_form wpbc_theme_dark_1 wpdevelop \" ><form  id=\"booking_form1\"   class=\"booking_form vertical\" method=\"post\" action=\"\"><div id=\"ajax_respond_insert1\" class=\"ajax_respond_insert\" style=\"display:none;\"><\/div><a name=\"bklnk1\" id=\"bklnk1\"><\/a><div id=\"booking_form_div1\" class=\"booking_form_div\"><style type=\"text\/css\">.wpbc_container_booking_form .block_hints, .wpbc_booking_form_simple .wpbc__form__div{max-width:440px;} <\/style>\n<div class=\"wpbc_booking_form_simple \">\n\t<div class=\"wpbc__row\">\n\t\t<div class=\"wpbc__field\">\n<div class=\"wpbc_calendar_wraper wpbc_change_over_triangle\"><div class=\"bk_calendar_frame wpbc_no_custom_width  months_num_in_row_ cal_month_num_1\" style=\"\"><div id=\"calendar_booking1\">Kalender wird geladen...<\/div><\/div><textarea id=\"date_booking1\" name=\"date_booking1\" autocomplete=\"off\" style=\"display:none;\"><\/textarea><\/div>\n\t\t<\/div>\n\t\t<div class=\"wpbc__field\">\n<div class=\"wpbc__form__div\">\n\t<div class=\"wpbc__row\">\n\t\t<div class=\"wpbc__field\">  <label>Full Name*:<\/label><br><span class=\"wpbc_wrap_text wpdev-form-control-wrap name1\"><input type=\"text\" name=\"name1\" value=\"\" autocomplete=\"name\" class=\"wpdev-validates-as-required\" size=\"40\" \/><\/span><\/div>\n\t<\/div>\n\t<div class=\"wpbc__row\">\n\t\t<div class=\"wpbc__field\">  <label>Email*:<\/label><br><span class=\"wpbc_wrap_text wpdev-form-control-wrap email1\"><input type=\"text\" name=\"email1\" value=\"\" autocomplete=\"email\" class=\"wpdev-validates-as-email wpdev-validates-as-required\" size=\"40\" \/><\/span><\/div>\n\t<\/div>\n\t<div class=\"wpbc__row\">\n\t\t<div class=\"wpbc__field\">  <label>Guests*:<\/label><br><span class=\"wpbc_wrap_select wpdev-form-control-wrap visitors1\"><select onchange=\"javascript:if(typeof( showCostHintInsideBkForm ) == 'function') {  showCostHintInsideBkForm(1);}\" name=\"visitors1\" autocomplete=\"visitors\" class=\"wpdev-validates-as-required\"><option value=\"1\">1<\/option><option value=\"2\">2<\/option><option value=\"3\">3<\/option><option value=\"4\">4<\/option><\/select><\/span><\/div>\n\t<\/div>\n\t<div class=\"wpbc__row\">\n\t\t<div class=\"wpbc__field\">  <label>Phone*:<\/label><br><span class=\"wpbc_wrap_text wpdev-form-control-wrap phone1\"><input type=\"text\" name=\"phone1\" value=\"\" autocomplete=\"phone\" class=\"wpdev-validates-as-required\" size=\"40\" \/><\/span><\/div>\n\t<\/div>\n\t<div class=\"wpbc__row\">\n\t\t<div class=\"wpbc__field\">  <label>Course Selection*:<\/label><br><span class=\"wpbc_wrap_select wpdev-form-control-wrap courseselection1\"><select onchange=\"javascript:if(typeof( showCostHintInsideBkForm ) == 'function') {  showCostHintInsideBkForm(1);}\" name=\"courseselection1\" autocomplete=\"courseselection\" class=\"wpdev-validates-as-required\"><option value=\"6-course (USD 100 per adult)\">6-course (USD 100 per adult)<\/option><option value=\"6-course vegetarian (USD 100 per adult)\">6-course vegetarian (USD 100 per adult)<\/option><option value=\"8-course (USD 120 per adult)\">8-course (USD 120 per adult)<\/option><option value=\"8-course vegetarian (USD 120 per adult)\">8-course vegetarian (USD 120 per adult)<\/option><\/select><\/span><\/div>\n\t<\/div>\n\t<div class=\"wpbc__row\">\n\t\t<div class=\"wpbc__field\"> <p><input type=\"button\" value=\"Reserve Table\" class=\"wpbc_button_light btn\" onclick=\"mybooking_submit(this.form,1, 'de_DE' );\" \/><img decoding=\"async\" class=\"ajax-loader\"  style=\"vertical-align:middle;box-shadow:none;width:14px;visibility: hidden;\" alt=\"ajax loader\" src=\"https:\/\/www.restaurantun.com\/wp-content\/plugins\/booking.bm.10.1.1\/assets\/img\/ajax-loader.gif\" \/><\/p> <\/div>\n\t<\/div>\n<\/div>\n\t<\/div>\n\t<\/div>\n<\/div><script type='text\/javascript'>jQuery(document).ready( function(){    moveOptionalElementsToGarbage( 1 ); });<\/script><script type='text\/javascript'> jQuery(document).ready( function(){   _wpbc.seasons__set( 1, [] );  }); <\/script><input id=\"bk_type1\" name=\"bk_type1\" class=\"\" type=\"hidden\" value=\"1\" \/><\/div><div id=\"submiting1\"><\/div><div class=\"form_bk_messages\" id=\"form_bk_messages1\" ><\/div><input type=\"hidden\" id=\"wpbc_nonceCALCULATE_THE_COST1\" name=\"wpbc_nonceCALCULATE_THE_COST1\" value=\"621e580a5c\" \/><input type=\"hidden\" name=\"_wp_http_referer\" value=\"\/de\/wp-json\/wp\/v2\/pages\/3546\" \/><\/form><\/div><div id=\"booking_form_garbage1\" class=\"booking_form_garbage\"><\/div><script type=\"text\/javascript\">\n                                jQuery(document).ready( function(){\n                                    jQuery(\".widget_wpdev_booking .booking_form.form-horizontal\").removeClass(\"form-horizontal\");\n                                    var visible_calendars_count = _wpbc.get_other_param( \"calendars__on_this_page\" ).length;\n                                    if (visible_calendars_count !== null ) {\n                                        for (var i=0;i< visible_calendars_count ;i++){\n                                          if ( _wpbc.get_other_param( \"calendars__on_this_page\" )[i] === 1 ) {\n                                              document.getElementById(\"form_id1487293887735\").innerHTML = \"<span style='color:#A00;font-size:10px;'>Warning! Booking calendar for this booking resource are already at the page, please check more about this issue at this page: https:\/\/wpbookingcalendar.com\/faq\/why-the-booking-calendar-widget-not-show-on-page\/<\/span>\";                                                                                                  \n                                              jQuery(\"#form_id1487293887735\").animate( {opacity: 1}, 10000 ).fadeOut(5000);\n                                              return;\n                                          }\n                                        }\n                                        _wpbc.get_other_param( \"calendars__on_this_page\" )[ visible_calendars_count ]=1;\n                                    }\n                                });\n                            <\/script> <script type='text\/javascript'> jQuery(document).ready( function(){  _wpbc.balancer__set_max_threads( 3 );  _wpbc.calendar__set_param_value( 1 , 'calendar_scroll_to' , false );  _wpbc.calendar__set_param_value( 1 , 'booking_max_monthes_in_calendar' , '3m' );  _wpbc.calendar__set_param_value( 1 , 'booking_start_day_weeek' , '0' );  _wpbc.calendar__set_param_value( 1 , 'calendar_number_of_months' , '1' );   _wpbc.calendar__set_param_value( 1, 'days_select_mode', 'single' );   _wpbc.calendar__set_param_value( 1, 'fixed__days_num', 3 );   _wpbc.calendar__set_param_value( 1, 'fixed__week_days__start',   [-1] );   _wpbc.calendar__set_param_value( 1, 'dynamic__days_min', 1 );   _wpbc.calendar__set_param_value( 1, 'dynamic__days_max', 30 );   _wpbc.calendar__set_param_value( 1, 'dynamic__days_specific',    [] );   _wpbc.calendar__set_param_value( 1, 'dynamic__week_days__start', [-1] );   _wpbc.calendar__set_param_value( 1, 'booking_date_format', 'F j, Y' );   _wpbc.calendar__set_param_value( 1, 'booking_time_format', 'g:i a' );  _wpbc.calendar__set_param_value( 1 , 'booking_recurrent_time' , 'Off' );   if ( 'function' === typeof ( wpbc__conditions__SAVE_INITIAL__days_selection_params__bm ) ){ wpbc__conditions__SAVE_INITIAL__days_selection_params__bm( 1 ); }   wpbc_calendar_show( '1' );   _wpbc.set_secure_param( 'nonce',   '2fe2628db0' );   _wpbc.set_secure_param( 'user_id', '0' );   _wpbc.set_secure_param( 'locale',  'de_DE' );  wpbc_calendar__load_data__ajx( {\"resource_id\":1,\"booking_hash\":\"\",\"request_uri\":\"\\\/de\\\/wp-json\\\/wp\\\/v2\\\/pages\\\/3546\",\"custom_form\":\"standard\",\"aggregate_resource_id_str\":\"\",\"aggregate_type\":\"all\"} );  } ); <\/script>\n<\/div>\n<\/div>\n<p><!--more--><br \/>\n<!-- {\"type\":\"layout\",\"children\":[{\"type\":\"section\",\"props\":{\"animation\":\"slide-bottom-medium\",\"header_transparent\":true,\"header_transparent_noplaceholder\":true,\"image_effect\":\"fixed\",\"image_position\":\"center-center\",\"image_size\":\"cover\",\"media_overlay\":\"rgba(0, 0, 0, 0.42)\",\"padding\":\"large\",\"padding_remove_bottom\":false,\"style\":\"primary\",\"text_color\":\"light\",\"title_breakpoint\":\"xl\",\"title_position\":\"top-left\",\"title_rotation\":\"left\",\"vertical_align\":\"middle\",\"video\":\"https:\\\/\\\/vimeo.com\\\/917817905?background=1\",\"width\":\"expand\"},\"children\":[{\"type\":\"row\",\"children\":[{\"type\":\"column\",\"props\":{\"image_position\":\"center-center\",\"position_sticky_breakpoint\":\"m\",\"position_sticky_offset\":\"100px\",\"width_medium\":\"1-4\"}},{\"type\":\"column\",\"props\":{\"image_position\":\"center-center\",\"position_sticky_breakpoint\":\"m\",\"width_medium\":\"1-2\"},\"children\":[{\"type\":\"panel\",\"props\":{\"block_align\":\"center\",\"content\":\"\n\n<p>*Reservierung 24 Stunden im Voraus erforderlich. <\\\/br>F\\u00fcr etwaige Unvertr\\u00e4glichkeiten kontaktieren Sie bitte das Farmhouse Resort vor Ihrer Ankunft.<\\\/p>\\n\n\n<p>5 -G\\u00e4nge-Men\\u00fc: 100 USD pro Erwachsener (Preise ohne Getr\\u00e4nke)<br \\\/>7-G\\u00e4nge-Men\\u00fc: 120 USD pro erwachsener Person (Preise ohne Getr\\u00e4nke)<br \\\/>CHEF's TABLE 7-COURSE: USD 160 Per Adult (Only Available Mon &amp; Sun)<\\\/p>\\n\n\n<p><\\\/p>\\n\n\n<p><\\\/p>\\n<br \/>\\n\n\n<p>[booking resource_id=1]<\\\/p>\",\"content_align\":false,\"content_column_breakpoint\":\"m\",\"content_margin\":\"medium\",\"content_style\":\"text-small\",\"css\":\".el-content {\\n   text-align: left;\\n}\",\"icon_width\":80,\"image_align\":\"top\",\"image_grid_breakpoint\":\"m\",\"image_grid_width\":\"1-2\",\"image_svg_color\":\"emphasis\",\"link_style\":\"default\",\"link_text\":\"Read more\",\"margin\":\"default\",\"meta\":\"\",\"meta_align\":\"below-title\",\"meta_element\":\"div\",\"meta_style\":\"text-small\",\"panel_padding\":\"large\",\"panel_style\":\"card-default\",\"text_align\":\"center\",\"title\":\"Tisch reservieren\",\"title_align\":\"top\",\"title_color\":\"muted\",\"title_element\":\"h3\",\"title_grid_breakpoint\":\"m\",\"title_grid_width\":\"1-2\",\"title_hover_style\":\"reset\",\"title_style\":\"h2\"}}]},{\"type\":\"column\",\"props\":{\"image_position\":\"center-center\",\"position_sticky_breakpoint\":\"m\",\"width_medium\":\"1-4\"}}],\"props\":{\"layout\":\"1-4,1-2,1-4\"}}]}],\"version\":\"4.3.8\"} --><\/p>\n","protected":false},"excerpt":{"rendered":"<p>Tisch reservieren *Reservierung 24 Stunden im Voraus erforderlich. F\u00fcr etwaige Unvertr\u00e4glichkeiten kontaktieren Sie bitte das Farmhouse Resort vor Ihrer Ankunft. 5 -G\u00e4nge-Men\u00fc: 100 USD pro Erwachsener (Preise ohne Getr\u00e4nke)7-G\u00e4nge-Men\u00fc: 120 USD pro erwachsener Person (Preise ohne Getr\u00e4nke)CHEF&#8217;s TABLE 7-COURSE: USD 160 Per Adult (Only Available Mon &amp; Sun)<\/p>\n","protected":false},"author":1,"featured_media":0,"parent":0,"menu_order":0,"comment_status":"closed","ping_status":"closed","template":"","meta":{"_acf_changed":false,"footnotes":""},"class_list":["post-3546","page","type-page","status-publish","hentry"],"acf":[],"yoast_head":"<!-- This site is optimized with the Yoast SEO Premium plugin v22.6 (Yoast SEO v23.4) - https:\/\/yoast.com\/wordpress\/plugins\/seo\/ -->\n<title>Reservation - Restaurant Un | Fine Dining Khmer Cuisine by Mariya Un Noun<\/title>\n<meta name=\"robots\" content=\"index, follow, max-snippet:-1, max-image-preview:large, max-video-preview:-1\" \/>\n<link rel=\"canonical\" href=\"https:\/\/www.restaurantun.com\/de\/reservation\/\" \/>\n<meta property=\"og:locale\" content=\"de_DE\" \/>\n<meta property=\"og:type\" content=\"article\" \/>\n<meta property=\"og:title\" content=\"Reservation\" \/>\n<meta property=\"og:description\" content=\"Tisch reservieren *Reservierung 24 Stunden im Voraus erforderlich. F\u00fcr etwaige Unvertr\u00e4glichkeiten kontaktieren Sie bitte das Farmhouse Resort vor Ihrer Ankunft. 5 -G\u00e4nge-Men\u00fc: 100 USD pro Erwachsener (Preise ohne Getr\u00e4nke)7-G\u00e4nge-Men\u00fc: 120 USD pro erwachsener Person (Preise ohne Getr\u00e4nke)CHEF&#8217;s TABLE 7-COURSE: USD 160 Per Adult (Only Available Mon &amp; Sun)\" \/>\n<meta property=\"og:url\" content=\"https:\/\/www.restaurantun.com\/de\/reservation\/\" \/>\n<meta property=\"og:site_name\" content=\"Restaurant Un | Fine Dining Khmer Cuisine by Mariya Un Noun\" \/>\n<meta property=\"article:publisher\" content=\"https:\/\/www.facebook.com\/FarmhouseResortSpa\" \/>\n<meta property=\"article:modified_time\" content=\"2024-05-29T09:58:24+00:00\" \/>\n<meta name=\"twitter:card\" content=\"summary_large_image\" \/>\n<script type=\"application\/ld+json\" class=\"yoast-schema-graph\">{\"@context\":\"https:\/\/schema.org\",\"@graph\":[{\"@type\":\"WebPage\",\"@id\":\"https:\/\/www.restaurantun.com\/de\/reservation\/\",\"url\":\"https:\/\/www.restaurantun.com\/de\/reservation\/\",\"name\":\"Reservation - Restaurant Un | Fine Dining Khmer Cuisine by Mariya Un Noun\",\"isPartOf\":{\"@id\":\"https:\/\/www.restaurantun.com\/de\/#website\"},\"datePublished\":\"2024-02-28T01:10:38+00:00\",\"dateModified\":\"2024-05-29T09:58:24+00:00\",\"breadcrumb\":{\"@id\":\"https:\/\/www.restaurantun.com\/de\/reservation\/#breadcrumb\"},\"inLanguage\":\"de\",\"potentialAction\":[{\"@type\":\"ReadAction\",\"target\":[\"https:\/\/www.restaurantun.com\/de\/reservation\/\"]}]},{\"@type\":\"BreadcrumbList\",\"@id\":\"https:\/\/www.restaurantun.com\/de\/reservation\/#breadcrumb\",\"itemListElement\":[{\"@type\":\"ListItem\",\"position\":1,\"name\":\"Home\",\"item\":\"https:\/\/www.restaurantun.com\/de\/\"},{\"@type\":\"ListItem\",\"position\":2,\"name\":\"Reservation\"}]},{\"@type\":\"WebSite\",\"@id\":\"https:\/\/www.restaurantun.com\/de\/#website\",\"url\":\"https:\/\/www.restaurantun.com\/de\/\",\"name\":\"Restaurant Un | Fine Dining Khmer Cuisine by Mariya Un Noun\",\"description\":\"\",\"publisher\":{\"@id\":\"https:\/\/www.restaurantun.com\/de\/#organization\"},\"potentialAction\":[{\"@type\":\"SearchAction\",\"target\":{\"@type\":\"EntryPoint\",\"urlTemplate\":\"https:\/\/www.restaurantun.com\/de\/?s={search_term_string}\"},\"query-input\":{\"@type\":\"PropertyValueSpecification\",\"valueRequired\":true,\"valueName\":\"search_term_string\"}}],\"inLanguage\":\"de\"},{\"@type\":\"Organization\",\"@id\":\"https:\/\/www.restaurantun.com\/de\/#organization\",\"name\":\"Restaurant Un | Fine Dining Khmer Cuisine by Mariya Un Noun\",\"url\":\"https:\/\/www.restaurantun.com\/de\/\",\"logo\":{\"@type\":\"ImageObject\",\"inLanguage\":\"de\",\"@id\":\"https:\/\/www.restaurantun.com\/de\/#\/schema\/logo\/image\/\",\"url\":\"https:\/\/www.restaurantun.com\/wp-content\/uploads\/2024\/04\/un_logo.svg\",\"contentUrl\":\"https:\/\/www.restaurantun.com\/wp-content\/uploads\/2024\/04\/un_logo.svg\",\"width\":1,\"height\":1,\"caption\":\"Restaurant Un | Fine Dining Khmer Cuisine by Mariya Un Noun\"},\"image\":{\"@id\":\"https:\/\/www.restaurantun.com\/de\/#\/schema\/logo\/image\/\"},\"sameAs\":[\"https:\/\/www.facebook.com\/FarmhouseResortSpa\",\"https:\/\/www.instagram.com\/farmhousesmilinggecko\/\"]}]}<\/script>\n<!-- \/ Yoast SEO Premium plugin. -->","yoast_head_json":{"title":"Reservation - Restaurant Un | Fine Dining Khmer Cuisine by Mariya Un Noun","robots":{"index":"index","follow":"follow","max-snippet":"max-snippet:-1","max-image-preview":"max-image-preview:large","max-video-preview":"max-video-preview:-1"},"canonical":"https:\/\/www.restaurantun.com\/de\/reservation\/","og_locale":"de_DE","og_type":"article","og_title":"Reservation","og_description":"Tisch reservieren *Reservierung 24 Stunden im Voraus erforderlich. F\u00fcr etwaige Unvertr\u00e4glichkeiten kontaktieren Sie bitte das Farmhouse Resort vor Ihrer Ankunft. 5 -G\u00e4nge-Men\u00fc: 100 USD pro Erwachsener (Preise ohne Getr\u00e4nke)7-G\u00e4nge-Men\u00fc: 120 USD pro erwachsener Person (Preise ohne Getr\u00e4nke)CHEF&#8217;s TABLE 7-COURSE: USD 160 Per Adult (Only Available Mon &amp; Sun)","og_url":"https:\/\/www.restaurantun.com\/de\/reservation\/","og_site_name":"Restaurant Un | Fine Dining Khmer Cuisine by Mariya Un Noun","article_publisher":"https:\/\/www.facebook.com\/FarmhouseResortSpa","article_modified_time":"2024-05-29T09:58:24+00:00","twitter_card":"summary_large_image","schema":{"@context":"https:\/\/schema.org","@graph":[{"@type":"WebPage","@id":"https:\/\/www.restaurantun.com\/de\/reservation\/","url":"https:\/\/www.restaurantun.com\/de\/reservation\/","name":"Reservation - Restaurant Un | Fine Dining Khmer Cuisine by Mariya Un Noun","isPartOf":{"@id":"https:\/\/www.restaurantun.com\/de\/#website"},"datePublished":"2024-02-28T01:10:38+00:00","dateModified":"2024-05-29T09:58:24+00:00","breadcrumb":{"@id":"https:\/\/www.restaurantun.com\/de\/reservation\/#breadcrumb"},"inLanguage":"de","potentialAction":[{"@type":"ReadAction","target":["https:\/\/www.restaurantun.com\/de\/reservation\/"]}]},{"@type":"BreadcrumbList","@id":"https:\/\/www.restaurantun.com\/de\/reservation\/#breadcrumb","itemListElement":[{"@type":"ListItem","position":1,"name":"Home","item":"https:\/\/www.restaurantun.com\/de\/"},{"@type":"ListItem","position":2,"name":"Reservation"}]},{"@type":"WebSite","@id":"https:\/\/www.restaurantun.com\/de\/#website","url":"https:\/\/www.restaurantun.com\/de\/","name":"Restaurant Un | Fine Dining Khmer Cuisine by Mariya Un Noun","description":"","publisher":{"@id":"https:\/\/www.restaurantun.com\/de\/#organization"},"potentialAction":[{"@type":"SearchAction","target":{"@type":"EntryPoint","urlTemplate":"https:\/\/www.restaurantun.com\/de\/?s={search_term_string}"},"query-input":{"@type":"PropertyValueSpecification","valueRequired":true,"valueName":"search_term_string"}}],"inLanguage":"de"},{"@type":"Organization","@id":"https:\/\/www.restaurantun.com\/de\/#organization","name":"Restaurant Un | Fine Dining Khmer Cuisine by Mariya Un Noun","url":"https:\/\/www.restaurantun.com\/de\/","logo":{"@type":"ImageObject","inLanguage":"de","@id":"https:\/\/www.restaurantun.com\/de\/#\/schema\/logo\/image\/","url":"https:\/\/www.restaurantun.com\/wp-content\/uploads\/2024\/04\/un_logo.svg","contentUrl":"https:\/\/www.restaurantun.com\/wp-content\/uploads\/2024\/04\/un_logo.svg","width":1,"height":1,"caption":"Restaurant Un | Fine Dining Khmer Cuisine by Mariya Un Noun"},"image":{"@id":"https:\/\/www.restaurantun.com\/de\/#\/schema\/logo\/image\/"},"sameAs":["https:\/\/www.facebook.com\/FarmhouseResortSpa","https:\/\/www.instagram.com\/farmhousesmilinggecko\/"]}]}},"_links":{"self":[{"href":"https:\/\/www.restaurantun.com\/de\/wp-json\/wp\/v2\/pages\/3546","targetHints":{"allow":["GET"]}}],"collection":[{"href":"https:\/\/www.restaurantun.com\/de\/wp-json\/wp\/v2\/pages"}],"about":[{"href":"https:\/\/www.restaurantun.com\/de\/wp-json\/wp\/v2\/types\/page"}],"author":[{"embeddable":true,"href":"https:\/\/www.restaurantun.com\/de\/wp-json\/wp\/v2\/users\/1"}],"replies":[{"embeddable":true,"href":"https:\/\/www.restaurantun.com\/de\/wp-json\/wp\/v2\/comments?post=3546"}],"version-history":[{"count":8,"href":"https:\/\/www.restaurantun.com\/de\/wp-json\/wp\/v2\/pages\/3546\/revisions"}],"predecessor-version":[{"id":3630,"href":"https:\/\/www.restaurantun.com\/de\/wp-json\/wp\/v2\/pages\/3546\/revisions\/3630"}],"wp:attachment":[{"href":"https:\/\/www.restaurantun.com\/de\/wp-json\/wp\/v2\/media?parent=3546"}],"curies":[{"name":"wp","href":"https:\/\/api.w.org\/{rel}","templated":true}]}}