{"id":3552,"date":"2024-04-29T04:20:27","date_gmt":"2024-04-29T04:20:27","guid":{"rendered":"https:\/\/www.restaurantun.com\/booking-confirmation\/"},"modified":"2026-04-16T11:21:49","modified_gmt":"2026-04-16T11:21:49","slug":"booking-confirmation","status":"publish","type":"page","link":"https:\/\/www.restaurantun.com\/de\/booking-confirmation\/","title":{"rendered":"Booking Confirmation"},"content":{"rendered":"<div>\n<h3>Wir freuen uns, Sie bei uns begr\u00fcssen zu d\u00fcrfen.<\/h3>\n<div>\n<p><span>Ihre Reservierung wird derzeit bearbeitet und wir senden Ihnen in K\u00fcrze eine Best\u00e4tigungs-E-Mail mit weiteren Details. Vielen Dank, dass Sie uns f\u00fcr Ihr kulinarisches Erlebnis ausgew\u00e4hlt haben<\/span><\/p>\n<\/p>\n<p><strong><span>Ihr Restaurant UN-Team<\/span> <\/strong><br \/><span>Fine Dining Khmer-K\u00fcche von Mariya Un Noun<\/span><\/p>\n<\/div>\n<p><a href=\"https:\/\/www.restaurantun.com\/\">ZUR\u00dcCK ZUR WEBSITE<\/a><\/p>\n<\/div>\n<p><!--more--><br \/>\n<!-- {\"type\":\"layout\",\"children\":[{\"type\":\"section\",\"props\":{\"animation\":\"slide-bottom-medium\",\"header_transparent\":true,\"header_transparent_noplaceholder\":true,\"height\":\"viewport\",\"image_effect\":\"fixed\",\"image_position\":\"center-center\",\"image_size\":\"cover\",\"media_overlay\":\"rgba(0, 0, 0, 0.42)\",\"padding\":\"large\",\"padding_remove_bottom\":false,\"style\":\"primary\",\"text_color\":\"light\",\"title_breakpoint\":\"xl\",\"title_position\":\"top-left\",\"title_rotation\":\"left\",\"vertical_align\":\"middle\",\"video\":\"wp-content\\\/uploads\\\/2026\\\/04\\\/un_restaurant_website_-_fine_dinning_section_v1-1080p.mp4\",\"video_height\":\"1080\",\"video_width\":\"1920\",\"width\":\"expand\"},\"children\":[{\"type\":\"row\",\"children\":[{\"type\":\"column\",\"props\":{\"image_position\":\"center-center\",\"position_sticky_breakpoint\":\"m\",\"position_sticky_offset\":\"100px\",\"width_medium\":\"1-4\"}},{\"type\":\"column\",\"props\":{\"image_position\":\"center-center\",\"position_sticky_breakpoint\":\"m\",\"width_medium\":\"1-2\"},\"children\":[{\"type\":\"panel\",\"props\":{\"block_align\":\"center\",\"content\":\"\n\n<p><span>Ihre Reservierung wird derzeit bearbeitet und wir senden Ihnen in K\\u00fcrze eine Best\\u00e4tigungs-E-Mail mit weiteren Details. Vielen Dank, dass Sie uns f\\u00fcr Ihr kulinarisches Erlebnis ausgew\\u00e4hlt haben<\\\/span><\\\/p>\\n\n\n<p><\\\/p>\\n\n\n<p><strong><span>Ihr Restaurant UN-Team<\\\/span> <\\\/strong><br \\\/><span>Fine Dining Khmer-K\\u00fcche von Mariya Un Noun<\\\/span><\\\/p>\",\"content_align\":false,\"content_column_breakpoint\":\"m\",\"content_margin\":\"medium\",\"icon\":\"\",\"icon_width\":80,\"image_align\":\"top\",\"image_grid_breakpoint\":\"m\",\"image_grid_width\":\"1-2\",\"image_svg_color\":\"emphasis\",\"link\":\"https:\\\/\\\/www.restaurantun.com\\\/\",\"link_margin\":\"medium\",\"link_size\":\"large\",\"link_style\":\"primary\",\"link_text\":\"ZUR\\u00dcCK ZUR WEBSITE\",\"margin\":\"default\",\"meta\":\"\",\"meta_align\":\"below-title\",\"meta_element\":\"div\",\"meta_style\":\"text-small\",\"panel_padding\":\"large\",\"panel_style\":\"card-default\",\"text_align\":\"center\",\"title\":\"Wir freuen uns, Sie bei uns begr\\u00fcssen zu d\\u00fcrfen.\",\"title_align\":\"top\",\"title_color\":\"muted\",\"title_element\":\"h3\",\"title_font_family\":\"secondary\",\"title_grid_breakpoint\":\"m\",\"title_grid_width\":\"1-2\",\"title_hover_style\":\"reset\",\"title_style\":\"h2\"}}]},{\"type\":\"column\",\"props\":{\"image_position\":\"center-center\",\"position_sticky_breakpoint\":\"m\",\"width_medium\":\"1-4\"}}],\"props\":{\"layout\":\"1-4,1-2,1-4\"}}]}],\"version\":\"4.3.8\"} --><\/p>\n","protected":false},"excerpt":{"rendered":"<p>Wir freuen uns, Sie bei uns begr\u00fcssen zu d\u00fcrfen. Ihre Reservierung wird derzeit bearbeitet und wir senden Ihnen in K\u00fcrze eine Best\u00e4tigungs-E-Mail mit weiteren Details. Vielen Dank, dass Sie uns f\u00fcr Ihr kulinarisches Erlebnis ausgew\u00e4hlt haben Ihr Restaurant UN-Team Fine Dining Khmer-K\u00fcche von Mariya Un Noun ZUR\u00dcCK ZUR WEBSITE<\/p>\n","protected":false},"author":1,"featured_media":0,"parent":0,"menu_order":0,"comment_status":"closed","ping_status":"closed","template":"","meta":{"_acf_changed":false,"footnotes":""},"class_list":["post-3552","page","type-page","status-publish","hentry"],"acf":[],"yoast_head":"<!-- This site is optimized with the Yoast SEO Premium plugin v22.6 (Yoast SEO v23.4) - https:\/\/yoast.com\/wordpress\/plugins\/seo\/ -->\n<title>Booking Confirmation - Restaurant Un | Fine Dining Khmer Cuisine by Mariya Un Noun<\/title>\n<meta name=\"robots\" content=\"index, follow, max-snippet:-1, max-image-preview:large, max-video-preview:-1\" \/>\n<link rel=\"canonical\" href=\"https:\/\/www.restaurantun.com\/de\/booking-confirmation\/\" \/>\n<meta property=\"og:locale\" content=\"de_DE\" \/>\n<meta property=\"og:type\" content=\"article\" \/>\n<meta property=\"og:title\" content=\"Booking Confirmation\" \/>\n<meta property=\"og:description\" content=\"Wir freuen uns, Sie bei uns begr\u00fcssen zu d\u00fcrfen. Ihre Reservierung wird derzeit bearbeitet und wir senden Ihnen in K\u00fcrze eine Best\u00e4tigungs-E-Mail mit weiteren Details. Vielen Dank, dass Sie uns f\u00fcr Ihr kulinarisches Erlebnis ausgew\u00e4hlt haben Ihr Restaurant UN-Team Fine Dining Khmer-K\u00fcche von Mariya Un Noun ZUR\u00dcCK ZUR WEBSITE\" \/>\n<meta property=\"og:url\" content=\"https:\/\/www.restaurantun.com\/de\/booking-confirmation\/\" \/>\n<meta property=\"og:site_name\" content=\"Restaurant Un | Fine Dining Khmer Cuisine by Mariya Un Noun\" \/>\n<meta property=\"article:publisher\" content=\"https:\/\/www.facebook.com\/FarmhouseResortSpa\" \/>\n<meta property=\"article:modified_time\" content=\"2026-04-16T11:21:49+00:00\" \/>\n<meta name=\"twitter:card\" content=\"summary_large_image\" \/>\n<meta name=\"twitter:label1\" content=\"Gesch\u00e4tzte Lesezeit\" \/>\n\t<meta name=\"twitter:data1\" content=\"1\u00a0Minute\" \/>\n<script type=\"application\/ld+json\" class=\"yoast-schema-graph\">{\"@context\":\"https:\/\/schema.org\",\"@graph\":[{\"@type\":\"WebPage\",\"@id\":\"https:\/\/www.restaurantun.com\/de\/booking-confirmation\/\",\"url\":\"https:\/\/www.restaurantun.com\/de\/booking-confirmation\/\",\"name\":\"Booking Confirmation - Restaurant Un | Fine Dining Khmer Cuisine by Mariya Un Noun\",\"isPartOf\":{\"@id\":\"https:\/\/www.restaurantun.com\/de\/#website\"},\"datePublished\":\"2024-04-29T04:20:27+00:00\",\"dateModified\":\"2026-04-16T11:21:49+00:00\",\"breadcrumb\":{\"@id\":\"https:\/\/www.restaurantun.com\/de\/booking-confirmation\/#breadcrumb\"},\"inLanguage\":\"de\",\"potentialAction\":[{\"@type\":\"ReadAction\",\"target\":[\"https:\/\/www.restaurantun.com\/de\/booking-confirmation\/\"]}]},{\"@type\":\"BreadcrumbList\",\"@id\":\"https:\/\/www.restaurantun.com\/de\/booking-confirmation\/#breadcrumb\",\"itemListElement\":[{\"@type\":\"ListItem\",\"position\":1,\"name\":\"Home\",\"item\":\"https:\/\/www.restaurantun.com\/de\/\"},{\"@type\":\"ListItem\",\"position\":2,\"name\":\"Booking Confirmation\"}]},{\"@type\":\"WebSite\",\"@id\":\"https:\/\/www.restaurantun.com\/de\/#website\",\"url\":\"https:\/\/www.restaurantun.com\/de\/\",\"name\":\"Restaurant Un | Fine Dining Khmer Cuisine by Mariya Un Noun\",\"description\":\"\",\"publisher\":{\"@id\":\"https:\/\/www.restaurantun.com\/de\/#organization\"},\"potentialAction\":[{\"@type\":\"SearchAction\",\"target\":{\"@type\":\"EntryPoint\",\"urlTemplate\":\"https:\/\/www.restaurantun.com\/de\/?s={search_term_string}\"},\"query-input\":{\"@type\":\"PropertyValueSpecification\",\"valueRequired\":true,\"valueName\":\"search_term_string\"}}],\"inLanguage\":\"de\"},{\"@type\":\"Organization\",\"@id\":\"https:\/\/www.restaurantun.com\/de\/#organization\",\"name\":\"Restaurant Un | Fine Dining Khmer Cuisine by Mariya Un Noun\",\"url\":\"https:\/\/www.restaurantun.com\/de\/\",\"logo\":{\"@type\":\"ImageObject\",\"inLanguage\":\"de\",\"@id\":\"https:\/\/www.restaurantun.com\/de\/#\/schema\/logo\/image\/\",\"url\":\"https:\/\/www.restaurantun.com\/wp-content\/uploads\/2024\/04\/un_logo.svg\",\"contentUrl\":\"https:\/\/www.restaurantun.com\/wp-content\/uploads\/2024\/04\/un_logo.svg\",\"width\":1,\"height\":1,\"caption\":\"Restaurant Un | Fine Dining Khmer Cuisine by Mariya Un Noun\"},\"image\":{\"@id\":\"https:\/\/www.restaurantun.com\/de\/#\/schema\/logo\/image\/\"},\"sameAs\":[\"https:\/\/www.facebook.com\/FarmhouseResortSpa\",\"https:\/\/www.instagram.com\/farmhousesmilinggecko\/\"]}]}<\/script>\n<!-- \/ Yoast SEO Premium plugin. -->","yoast_head_json":{"title":"Booking Confirmation - Restaurant Un | Fine Dining Khmer Cuisine by Mariya Un Noun","robots":{"index":"index","follow":"follow","max-snippet":"max-snippet:-1","max-image-preview":"max-image-preview:large","max-video-preview":"max-video-preview:-1"},"canonical":"https:\/\/www.restaurantun.com\/de\/booking-confirmation\/","og_locale":"de_DE","og_type":"article","og_title":"Booking Confirmation","og_description":"Wir freuen uns, Sie bei uns begr\u00fcssen zu d\u00fcrfen. Ihre Reservierung wird derzeit bearbeitet und wir senden Ihnen in K\u00fcrze eine Best\u00e4tigungs-E-Mail mit weiteren Details. Vielen Dank, dass Sie uns f\u00fcr Ihr kulinarisches Erlebnis ausgew\u00e4hlt haben Ihr Restaurant UN-Team Fine Dining Khmer-K\u00fcche von Mariya Un Noun ZUR\u00dcCK ZUR WEBSITE","og_url":"https:\/\/www.restaurantun.com\/de\/booking-confirmation\/","og_site_name":"Restaurant Un | Fine Dining Khmer Cuisine by Mariya Un Noun","article_publisher":"https:\/\/www.facebook.com\/FarmhouseResortSpa","article_modified_time":"2026-04-16T11:21:49+00:00","twitter_card":"summary_large_image","twitter_misc":{"Gesch\u00e4tzte Lesezeit":"1\u00a0Minute"},"schema":{"@context":"https:\/\/schema.org","@graph":[{"@type":"WebPage","@id":"https:\/\/www.restaurantun.com\/de\/booking-confirmation\/","url":"https:\/\/www.restaurantun.com\/de\/booking-confirmation\/","name":"Booking Confirmation - Restaurant Un | Fine Dining Khmer Cuisine by Mariya Un Noun","isPartOf":{"@id":"https:\/\/www.restaurantun.com\/de\/#website"},"datePublished":"2024-04-29T04:20:27+00:00","dateModified":"2026-04-16T11:21:49+00:00","breadcrumb":{"@id":"https:\/\/www.restaurantun.com\/de\/booking-confirmation\/#breadcrumb"},"inLanguage":"de","potentialAction":[{"@type":"ReadAction","target":["https:\/\/www.restaurantun.com\/de\/booking-confirmation\/"]}]},{"@type":"BreadcrumbList","@id":"https:\/\/www.restaurantun.com\/de\/booking-confirmation\/#breadcrumb","itemListElement":[{"@type":"ListItem","position":1,"name":"Home","item":"https:\/\/www.restaurantun.com\/de\/"},{"@type":"ListItem","position":2,"name":"Booking Confirmation"}]},{"@type":"WebSite","@id":"https:\/\/www.restaurantun.com\/de\/#website","url":"https:\/\/www.restaurantun.com\/de\/","name":"Restaurant Un | Fine Dining Khmer Cuisine by Mariya Un Noun","description":"","publisher":{"@id":"https:\/\/www.restaurantun.com\/de\/#organization"},"potentialAction":[{"@type":"SearchAction","target":{"@type":"EntryPoint","urlTemplate":"https:\/\/www.restaurantun.com\/de\/?s={search_term_string}"},"query-input":{"@type":"PropertyValueSpecification","valueRequired":true,"valueName":"search_term_string"}}],"inLanguage":"de"},{"@type":"Organization","@id":"https:\/\/www.restaurantun.com\/de\/#organization","name":"Restaurant Un | Fine Dining Khmer Cuisine by Mariya Un Noun","url":"https:\/\/www.restaurantun.com\/de\/","logo":{"@type":"ImageObject","inLanguage":"de","@id":"https:\/\/www.restaurantun.com\/de\/#\/schema\/logo\/image\/","url":"https:\/\/www.restaurantun.com\/wp-content\/uploads\/2024\/04\/un_logo.svg","contentUrl":"https:\/\/www.restaurantun.com\/wp-content\/uploads\/2024\/04\/un_logo.svg","width":1,"height":1,"caption":"Restaurant Un | Fine Dining Khmer Cuisine by Mariya Un Noun"},"image":{"@id":"https:\/\/www.restaurantun.com\/de\/#\/schema\/logo\/image\/"},"sameAs":["https:\/\/www.facebook.com\/FarmhouseResortSpa","https:\/\/www.instagram.com\/farmhousesmilinggecko\/"]}]}},"_links":{"self":[{"href":"https:\/\/www.restaurantun.com\/de\/wp-json\/wp\/v2\/pages\/3552","targetHints":{"allow":["GET"]}}],"collection":[{"href":"https:\/\/www.restaurantun.com\/de\/wp-json\/wp\/v2\/pages"}],"about":[{"href":"https:\/\/www.restaurantun.com\/de\/wp-json\/wp\/v2\/types\/page"}],"author":[{"embeddable":true,"href":"https:\/\/www.restaurantun.com\/de\/wp-json\/wp\/v2\/users\/1"}],"replies":[{"embeddable":true,"href":"https:\/\/www.restaurantun.com\/de\/wp-json\/wp\/v2\/comments?post=3552"}],"version-history":[{"count":2,"href":"https:\/\/www.restaurantun.com\/de\/wp-json\/wp\/v2\/pages\/3552\/revisions"}],"predecessor-version":[{"id":4730,"href":"https:\/\/www.restaurantun.com\/de\/wp-json\/wp\/v2\/pages\/3552\/revisions\/4730"}],"wp:attachment":[{"href":"https:\/\/www.restaurantun.com\/de\/wp-json\/wp\/v2\/media?parent=3552"}],"curies":[{"name":"wp","href":"https:\/\/api.w.org\/{rel}","templated":true}]}}