{"id":3555,"date":"2024-03-05T04:19:07","date_gmt":"2024-03-05T04:19:07","guid":{"rendered":"https:\/\/www.restaurantun.com\/cookies-policy\/"},"modified":"2024-05-28T07:47:06","modified_gmt":"2024-05-28T07:47:06","slug":"cookies-policy","status":"publish","type":"page","link":"https:\/\/www.restaurantun.com\/de\/cookies-policy\/","title":{"rendered":"Cookies Policy"},"content":{"rendered":"<div>\n<h3>COOKIES-RICHTLINIE<\/h3>\n<div>\n<p><span style=\"font-weight: 400;\"> In dieser Cookie-Richtlinie (\u201eRichtlinie\u201c) wird erl\u00e4utert, wie Smiling Gecko (\u201eSmiling Gecko\u201c, \u201ewir\u201c, \u201euns\u201c oder \u201eunser\u201c) Cookies und \u00e4hnliche Technologien auf der Website unter <a href=\"https:\/\/farmhouse-smilinggecko.com\/de\/\" target=\"_blank\" rel=\"noopener\">https:\/\/farmhouse-smilinggecko.com\/de\/<\/a> (\u201eWebsite\u201c). Durch die Nutzung der Website stimmen Sie der Verwendung von Cookies gem\u00e4ss dieser Richtlinie zu<\/span><\/p>\n<\/div>\n<\/div>\n<div>\n<h3>1. WAS SIND COOKIES? <\/h3>\n<div>\n<p style=\"padding-left: 40px;\"><span style=\"font-weight: 400;\"><span>Cookies sind kleine Textdateien, die auf Ihrem Ger\u00e4t gespeichert werden, wenn Sie eine Website besuchen. Sie werden h\u00e4ufig verwendet, um Websites effizienter zu gestalten und Website-Eigent\u00fcmern Informationen bereitzustellen. <\/span><\/span><\/p>\n<\/div>\n<\/div>\n<div>\n<h3>2. WIE WIR COOKIES VERWENDEN<\/h3>\n<div>\n<p style=\"padding-left: 40px;\"><span style=\"font-weight: 400;\">2.1 <\/span><b>Unverzichtbare Cookies<\/b><span style=\"font-weight: 400;\">: Diese Cookies sind f\u00fcr den Betrieb der Website erforderlich. Sie erm\u00f6glichen Grundfunktionen wie Seitennavigation und Zugriff auf sichere Bereiche der Website. Ohne diese Cookies funktioniert die Website m\u00f6glicherweise nicht ordnungsgem\u00e4ss.<\/span><\/p>\n<p style=\"padding-left: 40px;\">\n<p style=\"padding-left: 40px;\"><span style=\"font-weight: 400;\">2.2 <\/span><b>Analyse-\/Leistungs-Cookies<\/b><span style=\"font-weight: 400;\">: Diese Cookies erm\u00f6glichen es uns, die Anzahl der Besucher der Website zu erkennen und zu z\u00e4hlen und zu sehen, wie sich Besucher auf der Website bewegen, wenn sie sie nutzen. Dies hilft uns, die Funktionsweise der Website zu verbessern, indem wir beispielsweise sicherstellen, dass Benutzer leicht finden, was sie suchen.<\/span><\/p>\n<p style=\"padding-left: 40px;\">\n<p style=\"padding-left: 40px;\"><span style=\"font-weight: 400;\">2.3 <\/span><b>Funktionalit\u00e4ts-Cookies<\/b><span style=\"font-weight: 400;\">: Diese Cookies werden verwendet, um Sie wiederzuerkennen, wenn Sie auf die Website zur\u00fcckkehren. Sie erm\u00f6glichen es uns, unsere Inhalte f\u00fcr Sie zu personalisieren, Sie mit Ihrem Namen zu begr\u00fc\u00dfen und uns Ihre Pr\u00e4ferenzen (z. B. Sprache oder Region) zu merken.<\/span><\/p>\n<p style=\"padding-left: 40px;\"><span style=\"font-weight: 400;\">2.4 <\/span><b>Targeting-\/Werbe-Cookies<\/b><span style=\"font-weight: 400;\">: Diese Cookies zeichnen Ihren Besuch auf der Website, die von Ihnen besuchten Seiten und die von Ihnen verfolgten Links auf. Wir k\u00f6nnen diese Informationen verwenden, um die Website und die darauf angezeigte Werbung relevanter f\u00fcr Ihre Interessen zu gestalten. Zu diesem Zweck k\u00f6nnen wir diese Informationen auch an Dritte weitergeben.<\/span><\/p>\n<\/div>\n<\/div>\n<div>\n<h3>3. COOKIES VON DRITTANBIETERN<\/h3>\n<div>\n<p style=\"padding-left: 40px;\"><span style=\"font-weight: 400;\">Wir k\u00f6nnen auf der Website auch Cookies von Drittanbietern verwenden, um Analysedienste, Social-Media-Funktionen und personalisierte Werbung bereitzustellen. Diese Dritten k\u00f6nnen Cookies verwenden, um Informationen \u00fcber Ihre Online-Aktivit\u00e4ten im Laufe der Zeit und auf verschiedenen Websites zu sammeln. Sie k\u00f6nnen Ihre Cookie-Einstellungen verwalten und Cookies von Drittanbietern \u00fcber Ihre Browsereinstellungen oder \u00fcber die eigenen Cookie-Verwaltungstools der Drittanbieter ablehnen.<\/span><\/p>\n<\/div>\n<\/div>\n<div>\n<h3>4. COOKIES VERWALTEN <\/h3>\n<div>\n<p style=\"padding-left: 40px;\"><span style=\"font-weight: 400;\">Sie k\u00f6nnen Cookies auf verschiedene Weise steuern und verwalten, unter anderem durch die Anpassung Ihrer Browsereinstellungen. Bitte beachten Sie, dass Sie m\u00f6glicherweise nicht auf bestimmte Funktionen der Website zugreifen k\u00f6nnen, wenn Sie sich f\u00fcr die Blockierung von Cookies entscheiden..<\/span><\/p>\n<\/div>\n<\/div>\n<div>\n<h3>5. \u00c4NDERUNGEN AN DIESER RICHTLINIE<\/h3>\n<div>\n<p style=\"padding-left: 40px;\"><span style=\"font-weight: 400;\">Wir k\u00f6nnen diese Richtlinie von Zeit zu Zeit aktualisieren, um \u00c4nderungen in unserer Verwendung von Cookies oder \u00c4nderungen im geltenden Recht Rechnung zu tragen. Alle \u00c4nderungen dieser Richtlinie werden mit einem aktualisierten Datum des Inkrafttretens auf der Website ver\u00f6ffentlicht. Wir empfehlen Ihnen, diese Richtlinie regelm\u00e4\u00dfig auf Aktualisierungen zu \u00fcberpr\u00fcfen.<\/span><\/p>\n<\/div>\n<\/div>\n<div>\n<h3>6. KONTAKTIEREN SIE UNS<\/h3>\n<div>\n<p style=\"padding-left: 40px;\"><span style=\"font-weight: 400;\">Wenn Sie Fragen zu dieser Richtlinie haben, kontaktieren Sie uns bitte unter[<a href=\"mailto:contact@smilinggecko.org\" target=\"_blank\" rel=\"noopener\">contact@smilinggecko.org<\/a>].<\/span><\/p>\n<p style=\"padding-left: 40px;\">\n<p style=\"padding-left: 40px;\"><span style=\"font-weight: 400;\">Durch die Nutzung der Website best\u00e4tigen Sie, dass Sie diese Richtlinie gelesen und verstanden haben und damit einverstanden sind, an sie gebunden zu sein.<\/span><\/p>\n<p style=\"padding-left: 40px;\">\n<\/div>\n<\/div>\n<p><!--more--><br \/>\n<!-- {\"type\":\"layout\",\"children\":[{\"type\":\"section\",\"props\":{\"header_transparent\":true,\"header_transparent_noplaceholder\":true,\"header_transparent_text_color\":\"light\",\"image_position\":\"center-center\",\"padding\":\"xlarge\",\"padding_remove_bottom\":true,\"style\":\"primary\",\"title_breakpoint\":\"xl\",\"title_position\":\"top-left\",\"title_rotation\":\"left\",\"vertical_align\":\"middle\",\"width\":\"default\"},\"children\":[{\"type\":\"row\",\"children\":[{\"type\":\"column\",\"props\":{\"image_position\":\"center-center\",\"position_sticky_breakpoint\":\"m\"},\"children\":[{\"type\":\"panel\",\"props\":{\"content\":\"\n\n<p><span style=\\\"font-weight: 400;\\\"> In dieser Cookie-Richtlinie (\\u201eRichtlinie\\u201c) wird erl\\u00e4utert, wie Smiling Gecko (\\u201eSmiling Gecko\\u201c, \\u201ewir\\u201c, \\u201euns\\u201c oder \\u201eunser\\u201c) Cookies und \\u00e4hnliche Technologien auf der Website unter <a href=\\\"https:\\\/\\\/farmhouse-smilinggecko.com\\\/de\\\/\\\" target=\\\"_blank\\\" rel=\\\"noopener\\\">https:\\\/\\\/farmhouse-smilinggecko.com\\\/de\\\/<\\\/a> (\\u201eWebsite\\u201c). Durch die Nutzung der Website stimmen Sie der Verwendung von Cookies gem\\u00e4ss dieser Richtlinie zu<\\\/span><\\\/p>\",\"content_column_breakpoint\":\"m\",\"content_margin\":\"large\",\"icon_width\":80,\"image_align\":\"top\",\"image_grid_breakpoint\":\"m\",\"image_grid_width\":\"1-2\",\"image_svg_color\":\"emphasis\",\"link_style\":\"default\",\"link_text\":\"Read more\",\"margin\":\"default\",\"meta_align\":\"below-title\",\"meta_element\":\"div\",\"meta_style\":\"text-meta\",\"position\":\"relative\",\"title\":\"COOKIES-RICHTLINIE\",\"title_align\":\"top\",\"title_element\":\"h3\",\"title_grid_breakpoint\":\"m\",\"title_grid_width\":\"1-2\",\"title_hover_style\":\"reset\",\"title_style\":\"h1\"}}]}]},{\"type\":\"row\",\"children\":[{\"type\":\"column\",\"props\":{\"image_position\":\"center-center\",\"position_sticky_breakpoint\":\"m\"}}]}]},{\"type\":\"section\",\"props\":{\"animation\":\"slide-bottom-medium\",\"image_position\":\"center-center\",\"padding_remove_horizontal\":false,\"style\":\"primary\",\"title_breakpoint\":\"xl\",\"title_position\":\"top-left\",\"title_rotation\":\"left\",\"vertical_align\":\"middle\",\"width\":\"default\"},\"children\":[{\"type\":\"row\",\"children\":[{\"type\":\"column\",\"props\":{\"image_position\":\"center-center\",\"position_sticky_breakpoint\":\"m\"},\"children\":[{\"type\":\"panel\",\"props\":{\"content\":\"\n\n<p style=\\\"padding-left: 40px;\\\"><span style=\\\"font-weight: 400;\\\"><span>Cookies sind kleine Textdateien, die auf Ihrem Ger\\u00e4t gespeichert werden, wenn Sie eine Website besuchen. Sie werden h\\u00e4ufig verwendet, um Websites effizienter zu gestalten und Website-Eigent\\u00fcmern Informationen bereitzustellen. <\\\/span><\\\/span><\\\/p>\",\"content_column_breakpoint\":\"m\",\"icon_width\":80,\"image_align\":\"top\",\"image_grid_breakpoint\":\"m\",\"image_grid_width\":\"1-2\",\"image_svg_color\":\"emphasis\",\"link_style\":\"default\",\"link_text\":\"Read more\",\"margin\":\"large\",\"margin_remove_bottom\":false,\"meta_align\":\"below-title\",\"meta_element\":\"div\",\"meta_style\":\"text-meta\",\"title\":\"1. WAS SIND COOKIES? \",\"title_align\":\"top\",\"title_element\":\"h3\",\"title_grid_breakpoint\":\"m\",\"title_grid_width\":\"1-2\",\"title_hover_style\":\"reset\"}},{\"type\":\"panel\",\"props\":{\"content\":\"\n\n<p style=\\\"padding-left: 40px;\\\"><span style=\\\"font-weight: 400;\\\">2.1 <\\\/span><b>Unverzichtbare Cookies<\\\/b><span style=\\\"font-weight: 400;\\\">: Diese Cookies sind f\\u00fcr den Betrieb der Website erforderlich. Sie erm\\u00f6glichen Grundfunktionen wie Seitennavigation und Zugriff auf sichere Bereiche der Website. Ohne diese Cookies funktioniert die Website m\\u00f6glicherweise nicht ordnungsgem\\u00e4ss.<\\\/span><\\\/p>\\n\n\n<p style=\\\"padding-left: 40px;\\\"><\\\/p>\\n\n\n<p style=\\\"padding-left: 40px;\\\"><span style=\\\"font-weight: 400;\\\">2.2 <\\\/span><b>Analyse-\\\/Leistungs-Cookies<\\\/b><span style=\\\"font-weight: 400;\\\">: Diese Cookies erm\\u00f6glichen es uns, die Anzahl der Besucher der Website zu erkennen und zu z\\u00e4hlen und zu sehen, wie sich Besucher auf der Website bewegen, wenn sie sie nutzen. Dies hilft uns, die Funktionsweise der Website zu verbessern, indem wir beispielsweise sicherstellen, dass Benutzer leicht finden, was sie suchen.<\\\/span><\\\/p>\\n\n\n<p style=\\\"padding-left: 40px;\\\"><\\\/p>\\n\n\n<p style=\\\"padding-left: 40px;\\\"><span style=\\\"font-weight: 400;\\\">2.3 <\\\/span><b>Funktionalit\\u00e4ts-Cookies<\\\/b><span style=\\\"font-weight: 400;\\\">: Diese Cookies werden verwendet, um Sie wiederzuerkennen, wenn Sie auf die Website zur\\u00fcckkehren. Sie erm\\u00f6glichen es uns, unsere Inhalte f\\u00fcr Sie zu personalisieren, Sie mit Ihrem Namen zu begr\\u00fc\\u00dfen und uns Ihre Pr\\u00e4ferenzen (z. B. Sprache oder Region) zu merken.<\\\/span><\\\/p>\\n\n\n<p style=\\\"padding-left: 40px;\\\"><span style=\\\"font-weight: 400;\\\">2.4 <\\\/span><b>Targeting-\\\/Werbe-Cookies<\\\/b><span style=\\\"font-weight: 400;\\\">: Diese Cookies zeichnen Ihren Besuch auf der Website, die von Ihnen besuchten Seiten und die von Ihnen verfolgten Links auf. Wir k\\u00f6nnen diese Informationen verwenden, um die Website und die darauf angezeigte Werbung relevanter f\\u00fcr Ihre Interessen zu gestalten. Zu diesem Zweck k\\u00f6nnen wir diese Informationen auch an Dritte weitergeben.<\\\/span><\\\/p>\",\"content_column_breakpoint\":\"m\",\"icon_width\":80,\"image_align\":\"top\",\"image_grid_breakpoint\":\"m\",\"image_grid_width\":\"1-2\",\"image_svg_color\":\"emphasis\",\"link_style\":\"default\",\"link_text\":\"Read more\",\"margin\":\"large\",\"margin_remove_bottom\":false,\"meta_align\":\"below-title\",\"meta_element\":\"div\",\"meta_style\":\"text-meta\",\"title\":\"2. WIE WIR COOKIES VERWENDEN\",\"title_align\":\"top\",\"title_element\":\"h3\",\"title_grid_breakpoint\":\"m\",\"title_grid_width\":\"1-2\",\"title_hover_style\":\"reset\"}},{\"type\":\"panel\",\"props\":{\"content\":\"\n\n<p style=\\\"padding-left: 40px;\\\"><span style=\\\"font-weight: 400;\\\">Wir k\\u00f6nnen auf der Website auch Cookies von Drittanbietern verwenden, um Analysedienste, Social-Media-Funktionen und personalisierte Werbung bereitzustellen. Diese Dritten k\\u00f6nnen Cookies verwenden, um Informationen \\u00fcber Ihre Online-Aktivit\\u00e4ten im Laufe der Zeit und auf verschiedenen Websites zu sammeln. Sie k\\u00f6nnen Ihre Cookie-Einstellungen verwalten und Cookies von Drittanbietern \\u00fcber Ihre Browsereinstellungen oder \\u00fcber die eigenen Cookie-Verwaltungstools der Drittanbieter ablehnen.<\\\/span><\\\/p>\",\"content_column_breakpoint\":\"m\",\"icon_width\":80,\"image_align\":\"top\",\"image_grid_breakpoint\":\"m\",\"image_grid_width\":\"1-2\",\"image_svg_color\":\"emphasis\",\"link_style\":\"default\",\"link_text\":\"Read more\",\"margin\":\"large\",\"meta_align\":\"below-title\",\"meta_element\":\"div\",\"meta_style\":\"text-meta\",\"title\":\"3. COOKIES VON DRITTANBIETERN\",\"title_align\":\"top\",\"title_element\":\"h3\",\"title_grid_breakpoint\":\"m\",\"title_grid_width\":\"1-2\",\"title_hover_style\":\"reset\"}},{\"type\":\"panel\",\"props\":{\"content\":\"\n\n<p style=\\\"padding-left: 40px;\\\"><span style=\\\"font-weight: 400;\\\">Sie k\\u00f6nnen Cookies auf verschiedene Weise steuern und verwalten, unter anderem durch die Anpassung Ihrer Browsereinstellungen. Bitte beachten Sie, dass Sie m\\u00f6glicherweise nicht auf bestimmte Funktionen der Website zugreifen k\\u00f6nnen, wenn Sie sich f\\u00fcr die Blockierung von Cookies entscheiden..<\\\/span><\\\/p>\",\"content_column_breakpoint\":\"m\",\"icon_width\":80,\"image_align\":\"top\",\"image_grid_breakpoint\":\"m\",\"image_grid_width\":\"1-2\",\"image_svg_color\":\"emphasis\",\"link_style\":\"default\",\"link_text\":\"Read more\",\"margin\":\"large\",\"meta_align\":\"below-title\",\"meta_element\":\"div\",\"meta_style\":\"text-meta\",\"title\":\"4. COOKIES VERWALTEN \",\"title_align\":\"top\",\"title_element\":\"h3\",\"title_grid_breakpoint\":\"m\",\"title_grid_width\":\"1-2\",\"title_hover_style\":\"reset\"}},{\"type\":\"panel\",\"props\":{\"content\":\"\n\n<p style=\\\"padding-left: 40px;\\\"><span style=\\\"font-weight: 400;\\\">Wir k\\u00f6nnen diese Richtlinie von Zeit zu Zeit aktualisieren, um \\u00c4nderungen in unserer Verwendung von Cookies oder \\u00c4nderungen im geltenden Recht Rechnung zu tragen. Alle \\u00c4nderungen dieser Richtlinie werden mit einem aktualisierten Datum des Inkrafttretens auf der Website ver\\u00f6ffentlicht. Wir empfehlen Ihnen, diese Richtlinie regelm\\u00e4\\u00dfig auf Aktualisierungen zu \\u00fcberpr\\u00fcfen.<\\\/span><\\\/p>\",\"content_column_breakpoint\":\"m\",\"icon_width\":80,\"image_align\":\"top\",\"image_grid_breakpoint\":\"m\",\"image_grid_width\":\"1-2\",\"image_svg_color\":\"emphasis\",\"link_style\":\"default\",\"link_text\":\"Read more\",\"margin\":\"large\",\"meta_align\":\"below-title\",\"meta_element\":\"div\",\"meta_style\":\"text-meta\",\"title\":\"5. \\u00c4NDERUNGEN AN DIESER RICHTLINIE\",\"title_align\":\"top\",\"title_element\":\"h3\",\"title_grid_breakpoint\":\"m\",\"title_grid_width\":\"1-2\",\"title_hover_style\":\"reset\"}},{\"type\":\"panel\",\"props\":{\"content\":\"\n\n<p style=\\\"padding-left: 40px;\\\"><span style=\\\"font-weight: 400;\\\">Wenn Sie Fragen zu dieser Richtlinie haben, kontaktieren Sie uns bitte unter[<a href=\\\"mailto:contact@smilinggecko.org\\\" target=\\\"_blank\\\" rel=\\\"noopener\\\">contact@smilinggecko.org<\\\/a>].<\\\/span><\\\/p>\\n\n\n<p style=\\\"padding-left: 40px;\\\"><\\\/p>\\n\n\n<p style=\\\"padding-left: 40px;\\\"><span style=\\\"font-weight: 400;\\\">Durch die Nutzung der Website best\\u00e4tigen Sie, dass Sie diese Richtlinie gelesen und verstanden haben und damit einverstanden sind, an sie gebunden zu sein.<\\\/span><\\\/p>\\n\n\n<p style=\\\"padding-left: 40px;\\\"><\\\/p>\",\"content_column_breakpoint\":\"m\",\"icon_width\":80,\"image_align\":\"top\",\"image_grid_breakpoint\":\"m\",\"image_grid_width\":\"1-2\",\"image_svg_color\":\"emphasis\",\"link_style\":\"default\",\"link_text\":\"Read more\",\"margin\":\"large\",\"meta_align\":\"below-title\",\"meta_element\":\"div\",\"meta_style\":\"text-meta\",\"title\":\"6. KONTAKTIEREN SIE UNS\",\"title_align\":\"top\",\"title_element\":\"h3\",\"title_grid_breakpoint\":\"m\",\"title_grid_width\":\"1-2\",\"title_hover_style\":\"reset\"}}]}]},{\"type\":\"row\",\"children\":[{\"type\":\"column\",\"props\":{\"image_position\":\"center-center\",\"position_sticky_breakpoint\":\"m\"}}]}]}],\"version\":\"4.3.8\"} --><\/p>\n","protected":false},"excerpt":{"rendered":"<p>COOKIES-RICHTLINIE In dieser Cookie-Richtlinie (\u201eRichtlinie\u201c) wird erl\u00e4utert, wie Smiling Gecko (\u201eSmiling Gecko\u201c, \u201ewir\u201c, \u201euns\u201c oder \u201eunser\u201c) Cookies und \u00e4hnliche Technologien auf der Website unter https:\/\/farmhouse-smilinggecko.com\/de\/ (\u201eWebsite\u201c). Durch die Nutzung der Website stimmen Sie der Verwendung von Cookies gem\u00e4ss dieser Richtlinie zu 1. WAS SIND COOKIES? Cookies sind kleine Textdateien, die auf Ihrem Ger\u00e4t gespeichert werden, [&hellip;]<\/p>\n","protected":false},"author":1,"featured_media":0,"parent":0,"menu_order":0,"comment_status":"closed","ping_status":"closed","template":"","meta":{"_acf_changed":false,"footnotes":""},"class_list":["post-3555","page","type-page","status-publish","hentry"],"acf":[],"yoast_head":"<!-- This site is optimized with the Yoast SEO Premium plugin v22.6 (Yoast SEO v23.4) - https:\/\/yoast.com\/wordpress\/plugins\/seo\/ -->\n<title>Cookies Policy - Restaurant Un | Fine Dining Khmer Cuisine by Mariya Un Noun<\/title>\n<meta name=\"robots\" content=\"index, follow, max-snippet:-1, max-image-preview:large, max-video-preview:-1\" \/>\n<link rel=\"canonical\" href=\"https:\/\/www.restaurantun.com\/de\/cookies-policy\/\" \/>\n<meta property=\"og:locale\" content=\"de_DE\" \/>\n<meta property=\"og:type\" content=\"article\" \/>\n<meta property=\"og:title\" content=\"Cookies Policy\" \/>\n<meta property=\"og:description\" content=\"COOKIES-RICHTLINIE In dieser Cookie-Richtlinie (\u201eRichtlinie\u201c) wird erl\u00e4utert, wie Smiling Gecko (\u201eSmiling Gecko\u201c, \u201ewir\u201c, \u201euns\u201c oder \u201eunser\u201c) Cookies und \u00e4hnliche Technologien auf der Website unter https:\/\/farmhouse-smilinggecko.com\/de\/ (\u201eWebsite\u201c). Durch die Nutzung der Website stimmen Sie der Verwendung von Cookies gem\u00e4ss dieser Richtlinie zu 1. WAS SIND COOKIES? Cookies sind kleine Textdateien, die auf Ihrem Ger\u00e4t gespeichert werden, [&hellip;]\" \/>\n<meta property=\"og:url\" content=\"https:\/\/www.restaurantun.com\/de\/cookies-policy\/\" \/>\n<meta property=\"og:site_name\" content=\"Restaurant Un | Fine Dining Khmer Cuisine by Mariya Un Noun\" \/>\n<meta property=\"article:publisher\" content=\"https:\/\/www.facebook.com\/FarmhouseResortSpa\" \/>\n<meta property=\"article:modified_time\" content=\"2024-05-28T07:47:06+00:00\" \/>\n<meta name=\"twitter:card\" content=\"summary_large_image\" \/>\n<meta name=\"twitter:label1\" content=\"Gesch\u00e4tzte Lesezeit\" \/>\n\t<meta name=\"twitter:data1\" content=\"2\u00a0Minuten\" \/>\n<script type=\"application\/ld+json\" class=\"yoast-schema-graph\">{\"@context\":\"https:\/\/schema.org\",\"@graph\":[{\"@type\":\"WebPage\",\"@id\":\"https:\/\/www.restaurantun.com\/de\/cookies-policy\/\",\"url\":\"https:\/\/www.restaurantun.com\/de\/cookies-policy\/\",\"name\":\"Cookies Policy - Restaurant Un | Fine Dining Khmer Cuisine by Mariya Un Noun\",\"isPartOf\":{\"@id\":\"https:\/\/www.restaurantun.com\/de\/#website\"},\"datePublished\":\"2024-03-05T04:19:07+00:00\",\"dateModified\":\"2024-05-28T07:47:06+00:00\",\"breadcrumb\":{\"@id\":\"https:\/\/www.restaurantun.com\/de\/cookies-policy\/#breadcrumb\"},\"inLanguage\":\"de\",\"potentialAction\":[{\"@type\":\"ReadAction\",\"target\":[\"https:\/\/www.restaurantun.com\/de\/cookies-policy\/\"]}]},{\"@type\":\"BreadcrumbList\",\"@id\":\"https:\/\/www.restaurantun.com\/de\/cookies-policy\/#breadcrumb\",\"itemListElement\":[{\"@type\":\"ListItem\",\"position\":1,\"name\":\"Home\",\"item\":\"https:\/\/www.restaurantun.com\/de\/\"},{\"@type\":\"ListItem\",\"position\":2,\"name\":\"Cookies Policy\"}]},{\"@type\":\"WebSite\",\"@id\":\"https:\/\/www.restaurantun.com\/de\/#website\",\"url\":\"https:\/\/www.restaurantun.com\/de\/\",\"name\":\"Restaurant Un | Fine Dining Khmer Cuisine by Mariya Un Noun\",\"description\":\"\",\"publisher\":{\"@id\":\"https:\/\/www.restaurantun.com\/de\/#organization\"},\"potentialAction\":[{\"@type\":\"SearchAction\",\"target\":{\"@type\":\"EntryPoint\",\"urlTemplate\":\"https:\/\/www.restaurantun.com\/de\/?s={search_term_string}\"},\"query-input\":{\"@type\":\"PropertyValueSpecification\",\"valueRequired\":true,\"valueName\":\"search_term_string\"}}],\"inLanguage\":\"de\"},{\"@type\":\"Organization\",\"@id\":\"https:\/\/www.restaurantun.com\/de\/#organization\",\"name\":\"Restaurant Un | Fine Dining Khmer Cuisine by Mariya Un Noun\",\"url\":\"https:\/\/www.restaurantun.com\/de\/\",\"logo\":{\"@type\":\"ImageObject\",\"inLanguage\":\"de\",\"@id\":\"https:\/\/www.restaurantun.com\/de\/#\/schema\/logo\/image\/\",\"url\":\"https:\/\/www.restaurantun.com\/wp-content\/uploads\/2024\/04\/un_logo.svg\",\"contentUrl\":\"https:\/\/www.restaurantun.com\/wp-content\/uploads\/2024\/04\/un_logo.svg\",\"width\":1,\"height\":1,\"caption\":\"Restaurant Un | Fine Dining Khmer Cuisine by Mariya Un Noun\"},\"image\":{\"@id\":\"https:\/\/www.restaurantun.com\/de\/#\/schema\/logo\/image\/\"},\"sameAs\":[\"https:\/\/www.facebook.com\/FarmhouseResortSpa\",\"https:\/\/www.instagram.com\/farmhousesmilinggecko\/\"]}]}<\/script>\n<!-- \/ Yoast SEO Premium plugin. -->","yoast_head_json":{"title":"Cookies Policy - Restaurant Un | Fine Dining Khmer Cuisine by Mariya Un Noun","robots":{"index":"index","follow":"follow","max-snippet":"max-snippet:-1","max-image-preview":"max-image-preview:large","max-video-preview":"max-video-preview:-1"},"canonical":"https:\/\/www.restaurantun.com\/de\/cookies-policy\/","og_locale":"de_DE","og_type":"article","og_title":"Cookies Policy","og_description":"COOKIES-RICHTLINIE In dieser Cookie-Richtlinie (\u201eRichtlinie\u201c) wird erl\u00e4utert, wie Smiling Gecko (\u201eSmiling Gecko\u201c, \u201ewir\u201c, \u201euns\u201c oder \u201eunser\u201c) Cookies und \u00e4hnliche Technologien auf der Website unter https:\/\/farmhouse-smilinggecko.com\/de\/ (\u201eWebsite\u201c). Durch die Nutzung der Website stimmen Sie der Verwendung von Cookies gem\u00e4ss dieser Richtlinie zu 1. WAS SIND COOKIES? Cookies sind kleine Textdateien, die auf Ihrem Ger\u00e4t gespeichert werden, [&hellip;]","og_url":"https:\/\/www.restaurantun.com\/de\/cookies-policy\/","og_site_name":"Restaurant Un | Fine Dining Khmer Cuisine by Mariya Un Noun","article_publisher":"https:\/\/www.facebook.com\/FarmhouseResortSpa","article_modified_time":"2024-05-28T07:47:06+00:00","twitter_card":"summary_large_image","twitter_misc":{"Gesch\u00e4tzte Lesezeit":"2\u00a0Minuten"},"schema":{"@context":"https:\/\/schema.org","@graph":[{"@type":"WebPage","@id":"https:\/\/www.restaurantun.com\/de\/cookies-policy\/","url":"https:\/\/www.restaurantun.com\/de\/cookies-policy\/","name":"Cookies Policy - Restaurant Un | Fine Dining Khmer Cuisine by Mariya Un Noun","isPartOf":{"@id":"https:\/\/www.restaurantun.com\/de\/#website"},"datePublished":"2024-03-05T04:19:07+00:00","dateModified":"2024-05-28T07:47:06+00:00","breadcrumb":{"@id":"https:\/\/www.restaurantun.com\/de\/cookies-policy\/#breadcrumb"},"inLanguage":"de","potentialAction":[{"@type":"ReadAction","target":["https:\/\/www.restaurantun.com\/de\/cookies-policy\/"]}]},{"@type":"BreadcrumbList","@id":"https:\/\/www.restaurantun.com\/de\/cookies-policy\/#breadcrumb","itemListElement":[{"@type":"ListItem","position":1,"name":"Home","item":"https:\/\/www.restaurantun.com\/de\/"},{"@type":"ListItem","position":2,"name":"Cookies Policy"}]},{"@type":"WebSite","@id":"https:\/\/www.restaurantun.com\/de\/#website","url":"https:\/\/www.restaurantun.com\/de\/","name":"Restaurant Un | Fine Dining Khmer Cuisine by Mariya Un Noun","description":"","publisher":{"@id":"https:\/\/www.restaurantun.com\/de\/#organization"},"potentialAction":[{"@type":"SearchAction","target":{"@type":"EntryPoint","urlTemplate":"https:\/\/www.restaurantun.com\/de\/?s={search_term_string}"},"query-input":{"@type":"PropertyValueSpecification","valueRequired":true,"valueName":"search_term_string"}}],"inLanguage":"de"},{"@type":"Organization","@id":"https:\/\/www.restaurantun.com\/de\/#organization","name":"Restaurant Un | Fine Dining Khmer Cuisine by Mariya Un Noun","url":"https:\/\/www.restaurantun.com\/de\/","logo":{"@type":"ImageObject","inLanguage":"de","@id":"https:\/\/www.restaurantun.com\/de\/#\/schema\/logo\/image\/","url":"https:\/\/www.restaurantun.com\/wp-content\/uploads\/2024\/04\/un_logo.svg","contentUrl":"https:\/\/www.restaurantun.com\/wp-content\/uploads\/2024\/04\/un_logo.svg","width":1,"height":1,"caption":"Restaurant Un | Fine Dining Khmer Cuisine by Mariya Un Noun"},"image":{"@id":"https:\/\/www.restaurantun.com\/de\/#\/schema\/logo\/image\/"},"sameAs":["https:\/\/www.facebook.com\/FarmhouseResortSpa","https:\/\/www.instagram.com\/farmhousesmilinggecko\/"]}]}},"_links":{"self":[{"href":"https:\/\/www.restaurantun.com\/de\/wp-json\/wp\/v2\/pages\/3555","targetHints":{"allow":["GET"]}}],"collection":[{"href":"https:\/\/www.restaurantun.com\/de\/wp-json\/wp\/v2\/pages"}],"about":[{"href":"https:\/\/www.restaurantun.com\/de\/wp-json\/wp\/v2\/types\/page"}],"author":[{"embeddable":true,"href":"https:\/\/www.restaurantun.com\/de\/wp-json\/wp\/v2\/users\/1"}],"replies":[{"embeddable":true,"href":"https:\/\/www.restaurantun.com\/de\/wp-json\/wp\/v2\/comments?post=3555"}],"version-history":[{"count":7,"href":"https:\/\/www.restaurantun.com\/de\/wp-json\/wp\/v2\/pages\/3555\/revisions"}],"predecessor-version":[{"id":3604,"href":"https:\/\/www.restaurantun.com\/de\/wp-json\/wp\/v2\/pages\/3555\/revisions\/3604"}],"wp:attachment":[{"href":"https:\/\/www.restaurantun.com\/de\/wp-json\/wp\/v2\/media?parent=3555"}],"curies":[{"name":"wp","href":"https:\/\/api.w.org\/{rel}","templated":true}]}}