{"id":4068,"date":"2024-06-20T09:36:23","date_gmt":"2024-06-20T09:36:23","guid":{"rendered":"https:\/\/www.restaurantun.com\/book-a-chefs-table\/"},"modified":"2026-04-16T11:26:07","modified_gmt":"2026-04-16T11:26:07","slug":"book-a-chefs-table","status":"publish","type":"page","link":"https:\/\/www.restaurantun.com\/de\/book-a-chefs-table\/","title":{"rendered":"Book a Chef&#8217;s Table"},"content":{"rendered":"<div>\n<h3>Chef&#8217;s Table Reservieren<\/h3>\n<p><p>*Reservierungen m\u00fcssen 24 Stunden im Voraus gemacht werden. Bei speziellen Ern\u00e4hrungsw\u00fcnschen kontaktieren Sie bitte das Farmhouse Resort vor Ihrer Ankunft.<\/p>\n<p>CHEF&#8217;S TABLE 7-G\u00c4NGE-MEN\u00dc: USD 160 pro Erwachsener (nur verf\u00fcgbar Montag und Sonntag)<\/p>\n<\/p>\n<div>\n <div id=\"form_id840759786482\"  class=\"wpbc_container wpbc_container_booking_form wpbc_theme_dark_1 wpdevelop \" ><form  id=\"booking_form3\"   class=\"booking_form vertical\" method=\"post\" action=\"\"><div id=\"ajax_respond_insert3\" class=\"ajax_respond_insert\" style=\"display:none;\"><\/div><a name=\"bklnk3\" id=\"bklnk3\"><\/a><div id=\"booking_form_div3\" class=\"booking_form_div\"><style type=\"text\/css\">.wpbc_container_booking_form .block_hints, .wpbc_booking_form_simple .wpbc__form__div{max-width:440px;} <\/style>\r\n<div class=\"wpbc_booking_form_simple \">\r\n\t<div class=\"wpbc__row\">\r\n\t\t<div class=\"wpbc__field\">\r\n<div class=\"wpbc_calendar_wraper wpbc_change_over_triangle\"><div class=\"bk_calendar_frame wpbc_no_custom_width  months_num_in_row_ cal_month_num_1\" style=\"\"><div id=\"calendar_booking3\">Kalender wird geladen...<\/div><\/div><textarea id=\"date_booking3\" name=\"date_booking3\" autocomplete=\"off\" style=\"display:none;\"><\/textarea><\/div>\r\n\t\t<\/div>\r\n\t\t<div class=\"wpbc__field\">\r\n<div class=\"wpbc__form__div\">\r\n\t<div class=\"wpbc__row\">\r\n\t\t<div class=\"wpbc__field\">  <label>Full Name*:<\/label><br><span class=\"wpbc_wrap_text wpdev-form-control-wrap name3\"><input type=\"text\" name=\"name3\" value=\"\" autocomplete=\"name\" class=\"wpdev-validates-as-required\" size=\"40\" \/><\/span><\/div>\r\n\t<\/div>\r\n\t<div class=\"wpbc__row\">\r\n\t\t<div class=\"wpbc__field\">  <label>Email*:<\/label><br><span class=\"wpbc_wrap_text wpdev-form-control-wrap email3\"><input type=\"text\" name=\"email3\" value=\"\" autocomplete=\"email\" class=\"wpdev-validates-as-email wpdev-validates-as-required\" size=\"40\" \/><\/span><\/div>\r\n\t<\/div>\r\n\t<div class=\"wpbc__row\">\r\n\t\t<div class=\"wpbc__field\">  <label>Guests*:<\/label><br><span class=\"wpbc_wrap_select wpdev-form-control-wrap visitors3\"><select onchange=\"javascript:if(typeof( showCostHintInsideBkForm ) == 'function') {  showCostHintInsideBkForm(3);}\" name=\"visitors3\" autocomplete=\"visitors\" class=\"wpdev-validates-as-required\"><option value=\"1\">1<\/option><option value=\"2\">2<\/option><option value=\"3\">3<\/option><option value=\"4\">4<\/option><\/select><\/span><\/div>\r\n\t<\/div>\r\n\t<div class=\"wpbc__row\">\r\n\t\t<div class=\"wpbc__field\">  <label>Phone*:<\/label><br><span class=\"wpbc_wrap_text wpdev-form-control-wrap phone3\"><input type=\"text\" name=\"phone3\" value=\"\" autocomplete=\"phone\" class=\"wpdev-validates-as-required\" size=\"40\" \/><\/span><\/div>\r\n\t<\/div>\r\n\t<div class=\"wpbc__row\">\r\n\t\t<div class=\"wpbc__field\">  <label>Course Selection*:<\/label><br><span class=\"wpbc_wrap_select wpdev-form-control-wrap courseselection3\"><select onchange=\"javascript:if(typeof( showCostHintInsideBkForm ) == 'function') {  showCostHintInsideBkForm(3);}\" name=\"courseselection3\" autocomplete=\"courseselection\" class=\"wpdev-validates-as-required\"><option value=\"Chef&#039;s Table 7-Course (USD 160 per adult)\">Chef's Table 7-Course (USD 160 per adult)<\/option><\/select><\/span><\/div>\r\n\t<\/div>\r\n\t<div class=\"wpbc__row\">\r\n\t\t<div class=\"wpbc__field\"> <p><input type=\"button\" value=\"Reserve Table\" class=\"wpbc_button_light btn\" onclick=\"mybooking_submit(this.form,3, 'de_DE' );\" \/><img decoding=\"async\" class=\"ajax-loader\"  style=\"vertical-align:middle;box-shadow:none;width:14px;visibility: hidden;\" alt=\"ajax loader\" src=\"https:\/\/www.restaurantun.com\/wp-content\/plugins\/booking.bm.10.1.1\/assets\/img\/ajax-loader.gif\" \/><\/p> <\/div>\r\n\t<\/div>\r\n<\/div>\r\n\t<\/div>\r\n\t<\/div>\r\n<\/div><script type='text\/javascript'>jQuery(document).ready( function(){    moveOptionalElementsToGarbage( 3 ); });<\/script><script type='text\/javascript'> jQuery(document).ready( function(){   _wpbc.seasons__set( 3, [] );  }); <\/script><input name=\"booking_form_type3\"  id=\"booking_form_type3\" type=\"hidden\" value=\"course-selection-chef-table\"><input id=\"bk_type3\" name=\"bk_type3\" class=\"\" type=\"hidden\" value=\"3\" \/><\/div><div id=\"submiting3\"><\/div><div class=\"form_bk_messages\" id=\"form_bk_messages3\" ><\/div><input type=\"hidden\" id=\"wpbc_nonceCALCULATE_THE_COST3\" name=\"wpbc_nonceCALCULATE_THE_COST3\" value=\"aab3c9625c\" \/><input type=\"hidden\" name=\"_wp_http_referer\" value=\"\/de\/wp-json\/wp\/v2\/pages\/4068\" \/><\/form><\/div><div id=\"booking_form_garbage3\" class=\"booking_form_garbage\"><\/div><script type=\"text\/javascript\">\n                                jQuery(document).ready( function(){\n                                    jQuery(\".widget_wpdev_booking .booking_form.form-horizontal\").removeClass(\"form-horizontal\");\n                                    var visible_calendars_count = _wpbc.get_other_param( \"calendars__on_this_page\" ).length;\n                                    if (visible_calendars_count !== null ) {\n                                        for (var i=0;i< visible_calendars_count ;i++){\n                                          if ( _wpbc.get_other_param( \"calendars__on_this_page\" )[i] === 3 ) {\n                                              document.getElementById(\"form_id840759786482\").innerHTML = \"<span style='color:#A00;font-size:10px;'>Warning! Booking calendar for this booking resource are already at the page, please check more about this issue at this page: https:\/\/wpbookingcalendar.com\/faq\/why-the-booking-calendar-widget-not-show-on-page\/<\/span>\";                                                                                                  \n                                              jQuery(\"#form_id840759786482\").animate( {opacity: 1}, 10000 ).fadeOut(5000);\n                                              return;\n                                          }\n                                        }\n                                        _wpbc.get_other_param( \"calendars__on_this_page\" )[ visible_calendars_count ]=3;\n                                    }\n                                });\n                            <\/script> <script type='text\/javascript'> jQuery(document).ready( function(){  _wpbc.balancer__set_max_threads( 3 );  _wpbc.calendar__set_param_value( 3 , 'calendar_scroll_to' , false );  _wpbc.calendar__set_param_value( 3 , 'booking_max_monthes_in_calendar' , '3m' );  _wpbc.calendar__set_param_value( 3 , 'booking_start_day_weeek' , '0' );  _wpbc.calendar__set_param_value( 3 , 'calendar_number_of_months' , '1' );   _wpbc.calendar__set_param_value( 3, 'days_select_mode', 'single' );   _wpbc.calendar__set_param_value( 3, 'fixed__days_num', 3 );   _wpbc.calendar__set_param_value( 3, 'fixed__week_days__start',   [-1] );   _wpbc.calendar__set_param_value( 3, 'dynamic__days_min', 1 );   _wpbc.calendar__set_param_value( 3, 'dynamic__days_max', 30 );   _wpbc.calendar__set_param_value( 3, 'dynamic__days_specific',    [] );   _wpbc.calendar__set_param_value( 3, 'dynamic__week_days__start', [-1] );   _wpbc.calendar__set_param_value( 3, 'booking_date_format', 'F j, Y' );   _wpbc.calendar__set_param_value( 3, 'booking_time_format', 'g:i a' );  _wpbc.calendar__set_param_value( 3 , 'booking_recurrent_time' , 'Off' );   if ( 'function' === typeof ( wpbc__conditions__SAVE_INITIAL__days_selection_params__bm ) ){ wpbc__conditions__SAVE_INITIAL__days_selection_params__bm( 3 ); }   wpbc_calendar_show( '3' );   _wpbc.set_secure_param( 'nonce',   '905d44f2a0' );   _wpbc.set_secure_param( 'user_id', '0' );   _wpbc.set_secure_param( 'locale',  'de_DE' );  wpbc_calendar__load_data__ajx( {\"resource_id\":3,\"booking_hash\":\"\",\"request_uri\":\"\\\/de\\\/wp-json\\\/wp\\\/v2\\\/pages\\\/4068\",\"custom_form\":\"course-selection-chef-table\",\"aggregate_resource_id_str\":\"\",\"aggregate_type\":\"all\"} );  } ); <\/script><\/div>\n<\/div>\n<p><!--more--><br \/>\n<!-- {\"type\":\"layout\",\"children\":[{\"type\":\"section\",\"props\":{\"animation\":\"slide-bottom-medium\",\"header_transparent\":true,\"header_transparent_noplaceholder\":true,\"image_effect\":\"fixed\",\"image_position\":\"center-center\",\"image_size\":\"cover\",\"media_overlay\":\"rgba(0, 0, 0, 0.42)\",\"padding\":\"large\",\"padding_remove_bottom\":false,\"style\":\"primary\",\"text_color\":\"light\",\"title_breakpoint\":\"xl\",\"title_position\":\"top-left\",\"title_rotation\":\"left\",\"vertical_align\":\"middle\",\"video\":\"wp-content\\\/uploads\\\/2026\\\/04\\\/un_restaurant_website_-_fine_dinning_section_v1-1080p.mp4\",\"width\":\"expand\"},\"children\":[{\"type\":\"row\",\"children\":[{\"type\":\"column\",\"props\":{\"image_position\":\"center-center\",\"position_sticky_breakpoint\":\"m\",\"position_sticky_offset\":\"100px\",\"width_medium\":\"1-4\"}},{\"type\":\"column\",\"props\":{\"image_position\":\"center-center\",\"position_sticky_breakpoint\":\"m\",\"width_medium\":\"1-2\"},\"children\":[{\"type\":\"panel\",\"props\":{\"block_align\":\"center\",\"content\":\"\\n[booking resource_id=3 form_type='course-selection-chef-table']\",\"content_align\":false,\"content_column_breakpoint\":\"m\",\"content_style\":\"text-small\",\"css\":\".el-meta {\\n   text-align: left;\\n}\",\"icon_width\":80,\"image_align\":\"top\",\"image_grid_breakpoint\":\"m\",\"image_grid_width\":\"1-2\",\"image_svg_color\":\"emphasis\",\"link_style\":\"default\",\"link_text\":\"Read more\",\"margin\":\"default\",\"meta\":\"\n\n<p>*Reservierungen m\\u00fcssen 24 Stunden im Voraus gemacht werden. Bei speziellen Ern\\u00e4hrungsw\\u00fcnschen kontaktieren Sie bitte das Farmhouse Resort vor Ihrer Ankunft.<\\\/p> \n\n<p>CHEF'S TABLE 7-G\\u00c4NGE-MEN\\u00dc: USD 160 pro Erwachsener (nur verf\\u00fcgbar Montag und Sonntag)<\\\/p>\",\"meta_align\":\"below-title\",\"meta_element\":\"div\",\"meta_style\":\"text-small\",\"panel_padding\":\"large\",\"panel_style\":\"card-default\",\"text_align\":\"center\",\"title\":\"Chef's Table Reservieren\",\"title_align\":\"top\",\"title_color\":\"muted\",\"title_element\":\"h3\",\"title_grid_breakpoint\":\"m\",\"title_grid_width\":\"1-2\",\"title_hover_style\":\"reset\",\"title_style\":\"h2\"}}]},{\"type\":\"column\",\"props\":{\"image_position\":\"center-center\",\"position_sticky_breakpoint\":\"m\",\"width_medium\":\"1-4\"}}],\"props\":{\"layout\":\"1-4,1-2,1-4\"}}]}],\"version\":\"4.3.8\"} --><\/p>\n","protected":false},"excerpt":{"rendered":"<p>Chef&#8217;s Table Reservieren *Reservierungen m\u00fcssen 24 Stunden im Voraus gemacht werden. Bei speziellen Ern\u00e4hrungsw\u00fcnschen kontaktieren Sie bitte das Farmhouse Resort vor Ihrer Ankunft. CHEF&#8217;S TABLE 7-G\u00c4NGE-MEN\u00dc: USD 160 pro Erwachsener (nur verf\u00fcgbar Montag und Sonntag)<\/p>\n","protected":false},"author":1,"featured_media":0,"parent":0,"menu_order":0,"comment_status":"closed","ping_status":"closed","template":"","meta":{"_acf_changed":false,"footnotes":""},"class_list":["post-4068","page","type-page","status-publish","hentry"],"acf":[],"yoast_head":"<!-- This site is optimized with the Yoast SEO Premium plugin v22.6 (Yoast SEO v23.4) - https:\/\/yoast.com\/wordpress\/plugins\/seo\/ -->\n<title>Book a Chef&#039;s Table - Restaurant Un | Fine Dining Khmer Cuisine by Mariya Un Noun<\/title>\n<meta name=\"robots\" content=\"index, follow, max-snippet:-1, max-image-preview:large, max-video-preview:-1\" \/>\n<link rel=\"canonical\" href=\"https:\/\/www.restaurantun.com\/de\/book-a-chefs-table\/\" \/>\n<meta property=\"og:locale\" content=\"de_DE\" \/>\n<meta property=\"og:type\" content=\"article\" \/>\n<meta property=\"og:title\" content=\"Book a Chef&#039;s Table\" \/>\n<meta property=\"og:description\" content=\"Chef&#8217;s Table Reservieren *Reservierungen m\u00fcssen 24 Stunden im Voraus gemacht werden. Bei speziellen Ern\u00e4hrungsw\u00fcnschen kontaktieren Sie bitte das Farmhouse Resort vor Ihrer Ankunft. CHEF&#8217;S TABLE 7-G\u00c4NGE-MEN\u00dc: USD 160 pro Erwachsener (nur verf\u00fcgbar Montag und Sonntag)\" \/>\n<meta property=\"og:url\" content=\"https:\/\/www.restaurantun.com\/de\/book-a-chefs-table\/\" \/>\n<meta property=\"og:site_name\" content=\"Restaurant Un | Fine Dining Khmer Cuisine by Mariya Un Noun\" \/>\n<meta property=\"article:publisher\" content=\"https:\/\/www.facebook.com\/FarmhouseResortSpa\" \/>\n<meta property=\"article:modified_time\" content=\"2026-04-16T11:26:07+00:00\" \/>\n<meta name=\"twitter:card\" content=\"summary_large_image\" \/>\n<meta name=\"twitter:label1\" content=\"Gesch\u00e4tzte Lesezeit\" \/>\n\t<meta name=\"twitter:data1\" content=\"1\u00a0Minute\" \/>\n<script type=\"application\/ld+json\" class=\"yoast-schema-graph\">{\"@context\":\"https:\/\/schema.org\",\"@graph\":[{\"@type\":\"WebPage\",\"@id\":\"https:\/\/www.restaurantun.com\/de\/book-a-chefs-table\/\",\"url\":\"https:\/\/www.restaurantun.com\/de\/book-a-chefs-table\/\",\"name\":\"Book a Chef's Table - Restaurant Un | Fine Dining Khmer Cuisine by Mariya Un Noun\",\"isPartOf\":{\"@id\":\"https:\/\/www.restaurantun.com\/de\/#website\"},\"datePublished\":\"2024-06-20T09:36:23+00:00\",\"dateModified\":\"2026-04-16T11:26:07+00:00\",\"breadcrumb\":{\"@id\":\"https:\/\/www.restaurantun.com\/de\/book-a-chefs-table\/#breadcrumb\"},\"inLanguage\":\"de\",\"potentialAction\":[{\"@type\":\"ReadAction\",\"target\":[\"https:\/\/www.restaurantun.com\/de\/book-a-chefs-table\/\"]}]},{\"@type\":\"BreadcrumbList\",\"@id\":\"https:\/\/www.restaurantun.com\/de\/book-a-chefs-table\/#breadcrumb\",\"itemListElement\":[{\"@type\":\"ListItem\",\"position\":1,\"name\":\"Home\",\"item\":\"https:\/\/www.restaurantun.com\/de\/\"},{\"@type\":\"ListItem\",\"position\":2,\"name\":\"Book a Chef&#8217;s Table\"}]},{\"@type\":\"WebSite\",\"@id\":\"https:\/\/www.restaurantun.com\/de\/#website\",\"url\":\"https:\/\/www.restaurantun.com\/de\/\",\"name\":\"Restaurant Un | Fine Dining Khmer Cuisine by Mariya Un Noun\",\"description\":\"\",\"publisher\":{\"@id\":\"https:\/\/www.restaurantun.com\/de\/#organization\"},\"potentialAction\":[{\"@type\":\"SearchAction\",\"target\":{\"@type\":\"EntryPoint\",\"urlTemplate\":\"https:\/\/www.restaurantun.com\/de\/?s={search_term_string}\"},\"query-input\":{\"@type\":\"PropertyValueSpecification\",\"valueRequired\":true,\"valueName\":\"search_term_string\"}}],\"inLanguage\":\"de\"},{\"@type\":\"Organization\",\"@id\":\"https:\/\/www.restaurantun.com\/de\/#organization\",\"name\":\"Restaurant Un | Fine Dining Khmer Cuisine by Mariya Un Noun\",\"url\":\"https:\/\/www.restaurantun.com\/de\/\",\"logo\":{\"@type\":\"ImageObject\",\"inLanguage\":\"de\",\"@id\":\"https:\/\/www.restaurantun.com\/de\/#\/schema\/logo\/image\/\",\"url\":\"https:\/\/www.restaurantun.com\/wp-content\/uploads\/2024\/04\/un_logo.svg\",\"contentUrl\":\"https:\/\/www.restaurantun.com\/wp-content\/uploads\/2024\/04\/un_logo.svg\",\"width\":1,\"height\":1,\"caption\":\"Restaurant Un | Fine Dining Khmer Cuisine by Mariya Un Noun\"},\"image\":{\"@id\":\"https:\/\/www.restaurantun.com\/de\/#\/schema\/logo\/image\/\"},\"sameAs\":[\"https:\/\/www.facebook.com\/FarmhouseResortSpa\",\"https:\/\/www.instagram.com\/farmhousesmilinggecko\/\"]}]}<\/script>\n<!-- \/ Yoast SEO Premium plugin. -->","yoast_head_json":{"title":"Book a Chef's Table - Restaurant Un | Fine Dining Khmer Cuisine by Mariya Un Noun","robots":{"index":"index","follow":"follow","max-snippet":"max-snippet:-1","max-image-preview":"max-image-preview:large","max-video-preview":"max-video-preview:-1"},"canonical":"https:\/\/www.restaurantun.com\/de\/book-a-chefs-table\/","og_locale":"de_DE","og_type":"article","og_title":"Book a Chef's Table","og_description":"Chef&#8217;s Table Reservieren *Reservierungen m\u00fcssen 24 Stunden im Voraus gemacht werden. Bei speziellen Ern\u00e4hrungsw\u00fcnschen kontaktieren Sie bitte das Farmhouse Resort vor Ihrer Ankunft. CHEF&#8217;S TABLE 7-G\u00c4NGE-MEN\u00dc: USD 160 pro Erwachsener (nur verf\u00fcgbar Montag und Sonntag)","og_url":"https:\/\/www.restaurantun.com\/de\/book-a-chefs-table\/","og_site_name":"Restaurant Un | Fine Dining Khmer Cuisine by Mariya Un Noun","article_publisher":"https:\/\/www.facebook.com\/FarmhouseResortSpa","article_modified_time":"2026-04-16T11:26:07+00:00","twitter_card":"summary_large_image","twitter_misc":{"Gesch\u00e4tzte Lesezeit":"1\u00a0Minute"},"schema":{"@context":"https:\/\/schema.org","@graph":[{"@type":"WebPage","@id":"https:\/\/www.restaurantun.com\/de\/book-a-chefs-table\/","url":"https:\/\/www.restaurantun.com\/de\/book-a-chefs-table\/","name":"Book a Chef's Table - Restaurant Un | Fine Dining Khmer Cuisine by Mariya Un Noun","isPartOf":{"@id":"https:\/\/www.restaurantun.com\/de\/#website"},"datePublished":"2024-06-20T09:36:23+00:00","dateModified":"2026-04-16T11:26:07+00:00","breadcrumb":{"@id":"https:\/\/www.restaurantun.com\/de\/book-a-chefs-table\/#breadcrumb"},"inLanguage":"de","potentialAction":[{"@type":"ReadAction","target":["https:\/\/www.restaurantun.com\/de\/book-a-chefs-table\/"]}]},{"@type":"BreadcrumbList","@id":"https:\/\/www.restaurantun.com\/de\/book-a-chefs-table\/#breadcrumb","itemListElement":[{"@type":"ListItem","position":1,"name":"Home","item":"https:\/\/www.restaurantun.com\/de\/"},{"@type":"ListItem","position":2,"name":"Book a Chef&#8217;s Table"}]},{"@type":"WebSite","@id":"https:\/\/www.restaurantun.com\/de\/#website","url":"https:\/\/www.restaurantun.com\/de\/","name":"Restaurant Un | Fine Dining Khmer Cuisine by Mariya Un Noun","description":"","publisher":{"@id":"https:\/\/www.restaurantun.com\/de\/#organization"},"potentialAction":[{"@type":"SearchAction","target":{"@type":"EntryPoint","urlTemplate":"https:\/\/www.restaurantun.com\/de\/?s={search_term_string}"},"query-input":{"@type":"PropertyValueSpecification","valueRequired":true,"valueName":"search_term_string"}}],"inLanguage":"de"},{"@type":"Organization","@id":"https:\/\/www.restaurantun.com\/de\/#organization","name":"Restaurant Un | Fine Dining Khmer Cuisine by Mariya Un Noun","url":"https:\/\/www.restaurantun.com\/de\/","logo":{"@type":"ImageObject","inLanguage":"de","@id":"https:\/\/www.restaurantun.com\/de\/#\/schema\/logo\/image\/","url":"https:\/\/www.restaurantun.com\/wp-content\/uploads\/2024\/04\/un_logo.svg","contentUrl":"https:\/\/www.restaurantun.com\/wp-content\/uploads\/2024\/04\/un_logo.svg","width":1,"height":1,"caption":"Restaurant Un | Fine Dining Khmer Cuisine by Mariya Un Noun"},"image":{"@id":"https:\/\/www.restaurantun.com\/de\/#\/schema\/logo\/image\/"},"sameAs":["https:\/\/www.facebook.com\/FarmhouseResortSpa","https:\/\/www.instagram.com\/farmhousesmilinggecko\/"]}]}},"_links":{"self":[{"href":"https:\/\/www.restaurantun.com\/de\/wp-json\/wp\/v2\/pages\/4068","targetHints":{"allow":["GET"]}}],"collection":[{"href":"https:\/\/www.restaurantun.com\/de\/wp-json\/wp\/v2\/pages"}],"about":[{"href":"https:\/\/www.restaurantun.com\/de\/wp-json\/wp\/v2\/types\/page"}],"author":[{"embeddable":true,"href":"https:\/\/www.restaurantun.com\/de\/wp-json\/wp\/v2\/users\/1"}],"replies":[{"embeddable":true,"href":"https:\/\/www.restaurantun.com\/de\/wp-json\/wp\/v2\/comments?post=4068"}],"version-history":[{"count":3,"href":"https:\/\/www.restaurantun.com\/de\/wp-json\/wp\/v2\/pages\/4068\/revisions"}],"predecessor-version":[{"id":4742,"href":"https:\/\/www.restaurantun.com\/de\/wp-json\/wp\/v2\/pages\/4068\/revisions\/4742"}],"wp:attachment":[{"href":"https:\/\/www.restaurantun.com\/de\/wp-json\/wp\/v2\/media?parent=4068"}],"curies":[{"name":"wp","href":"https:\/\/api.w.org\/{rel}","templated":true}]}}