{"id":4069,"date":"2024-06-19T08:36:13","date_gmt":"2024-06-19T08:36:13","guid":{"rendered":"https:\/\/www.restaurantun.com\/book-a-lunch-table\/"},"modified":"2026-04-16T11:25:13","modified_gmt":"2026-04-16T11:25:13","slug":"book-a-lunch-table","status":"publish","type":"page","link":"https:\/\/www.restaurantun.com\/de\/book-a-lunch-table\/","title":{"rendered":"Book A Lunch Table"},"content":{"rendered":"<div>\n<h3>Lunch Table Reservieren<\/h3>\n<p><p>*Reservierungen m\u00fcssen 24 Stunden im Voraus gemacht werden. Bei speziellen Ern\u00e4hrungsw\u00fcnschen kontaktieren Sie bitte das Farmhouse Resort vor Ihrer Ankunft. <\/br> <\/br> Mittagsmen\u00fc: USD 75 pro Person (Preise ohne Getr\u00e4nke) \u00d6ffnungszeiten: DIENSTAG \u2013 SAMSTAG \u2022 12 Uhr \u2013 14 Uhr<\/p>\n<\/p>\n<div> <div id=\"form_id1777510069\"  class=\"wpbc_container wpbc_container_booking_form wpbc_theme_dark_1 wpdevelop \" ><form  id=\"booking_form2\"   class=\"booking_form vertical\" method=\"post\" action=\"\"><div id=\"ajax_respond_insert2\" class=\"ajax_respond_insert\" style=\"display:none;\"><\/div><a name=\"bklnk2\" id=\"bklnk2\"><\/a><div id=\"booking_form_div2\" class=\"booking_form_div\"><style type=\"text\/css\">.wpbc_container_booking_form .block_hints, .wpbc_booking_form_simple .wpbc__form__div{max-width:440px;} <\/style>\r\n<div class=\"wpbc_booking_form_simple \">\r\n\t<div class=\"wpbc__row\">\r\n\t\t<div class=\"wpbc__field\">\r\n<div class=\"wpbc_calendar_wraper wpbc_change_over_triangle\"><div class=\"bk_calendar_frame wpbc_no_custom_width  months_num_in_row_ cal_month_num_1\" style=\"\"><div id=\"calendar_booking2\">Kalender wird geladen...<\/div><\/div><textarea id=\"date_booking2\" name=\"date_booking2\" autocomplete=\"off\" style=\"display:none;\"><\/textarea><\/div>\r\n\t\t<\/div>\r\n\t\t<div class=\"wpbc__field\">\r\n<div class=\"wpbc__form__div\">\r\n\t<div class=\"wpbc__row\">\r\n\t\t<div class=\"wpbc__field\">  <label>Full Name*:<\/label><br><span class=\"wpbc_wrap_text wpdev-form-control-wrap name2\"><input type=\"text\" name=\"name2\" value=\"\" autocomplete=\"name\" class=\"wpdev-validates-as-required\" size=\"40\" \/><\/span><\/div>\r\n\t<\/div>\r\n\t<div class=\"wpbc__row\">\r\n\t\t<div class=\"wpbc__field\">  <label>Email*:<\/label><br><span class=\"wpbc_wrap_text wpdev-form-control-wrap email2\"><input type=\"text\" name=\"email2\" value=\"\" autocomplete=\"email\" class=\"wpdev-validates-as-email wpdev-validates-as-required\" size=\"40\" \/><\/span><\/div>\r\n\t<\/div>\r\n\t<div class=\"wpbc__row\">\r\n\t\t<div class=\"wpbc__field\">  <label>Guests*:<\/label><br><span class=\"wpbc_wrap_select wpdev-form-control-wrap visitors2\"><select onchange=\"javascript:if(typeof( showCostHintInsideBkForm ) == 'function') {  showCostHintInsideBkForm(2);}\" name=\"visitors2\" autocomplete=\"visitors\" class=\"wpdev-validates-as-required\"><option value=\"1\">1<\/option><option value=\"2\">2<\/option><option value=\"3\">3<\/option><option value=\"4\">4<\/option><\/select><\/span><\/div>\r\n\t<\/div>\r\n\t<div class=\"wpbc__row\">\r\n\t\t<div class=\"wpbc__field\">  <label>Phone*:<\/label><br><span class=\"wpbc_wrap_text wpdev-form-control-wrap phone2\"><input type=\"text\" name=\"phone2\" value=\"\" autocomplete=\"phone\" class=\"wpdev-validates-as-required\" size=\"40\" \/><\/span><\/div>\r\n\t<\/div>\r\n\t<div class=\"wpbc__row\">\r\n\t\t<div class=\"wpbc__field\">  <label>Course Selection*:<\/label><br><span class=\"wpbc_wrap_select wpdev-form-control-wrap courseselection2\"><select onchange=\"javascript:if(typeof( showCostHintInsideBkForm ) == 'function') {  showCostHintInsideBkForm(2);}\" name=\"courseselection2\" autocomplete=\"courseselection\" class=\"wpdev-validates-as-required\"><option value=\"Lunch (USD 75 per adult)\">Lunch (USD 75 per adult)<\/option><\/select><\/span><\/div>\r\n\t<\/div>\r\n\t<div class=\"wpbc__row\">\r\n\t\t<div class=\"wpbc__field\"> <p><input type=\"button\" value=\"Reserve Table\" class=\"wpbc_button_light btn\" onclick=\"mybooking_submit(this.form,2, 'de_DE' );\" \/><img decoding=\"async\" class=\"ajax-loader\"  style=\"vertical-align:middle;box-shadow:none;width:14px;visibility: hidden;\" alt=\"ajax loader\" src=\"https:\/\/www.restaurantun.com\/wp-content\/plugins\/booking.bm.10.1.1\/assets\/img\/ajax-loader.gif\" \/><\/p> <\/div>\r\n\t<\/div>\r\n<\/div>\r\n\t<\/div>\r\n\t<\/div>\r\n<\/div><script type='text\/javascript'>jQuery(document).ready( function(){    moveOptionalElementsToGarbage( 2 ); });<\/script><script type='text\/javascript'> jQuery(document).ready( function(){   _wpbc.seasons__set( 2, [] );  }); <\/script><input name=\"booking_form_type2\"  id=\"booking_form_type2\" type=\"hidden\" value=\"custom-time\"><input id=\"bk_type2\" name=\"bk_type2\" class=\"\" type=\"hidden\" value=\"2\" \/><\/div><div id=\"submiting2\"><\/div><div class=\"form_bk_messages\" id=\"form_bk_messages2\" ><\/div><input type=\"hidden\" id=\"wpbc_nonceCALCULATE_THE_COST2\" name=\"wpbc_nonceCALCULATE_THE_COST2\" value=\"282aa1c3ca\" \/><input type=\"hidden\" name=\"_wp_http_referer\" value=\"\/de\/wp-json\/wp\/v2\/pages\/4069\" \/><\/form><\/div><div id=\"booking_form_garbage2\" class=\"booking_form_garbage\"><\/div><script type=\"text\/javascript\">\n                                jQuery(document).ready( function(){\n                                    jQuery(\".widget_wpdev_booking .booking_form.form-horizontal\").removeClass(\"form-horizontal\");\n                                    var visible_calendars_count = _wpbc.get_other_param( \"calendars__on_this_page\" ).length;\n                                    if (visible_calendars_count !== null ) {\n                                        for (var i=0;i< visible_calendars_count ;i++){\n                                          if ( _wpbc.get_other_param( \"calendars__on_this_page\" )[i] === 2 ) {\n                                              document.getElementById(\"form_id1777510069\").innerHTML = \"<span style='color:#A00;font-size:10px;'>Warning! Booking calendar for this booking resource are already at the page, please check more about this issue at this page: https:\/\/wpbookingcalendar.com\/faq\/why-the-booking-calendar-widget-not-show-on-page\/<\/span>\";                                                                                                  \n                                              jQuery(\"#form_id1777510069\").animate( {opacity: 1}, 10000 ).fadeOut(5000);\n                                              return;\n                                          }\n                                        }\n                                        _wpbc.get_other_param( \"calendars__on_this_page\" )[ visible_calendars_count ]=2;\n                                    }\n                                });\n                            <\/script> <script type='text\/javascript'> jQuery(document).ready( function(){  _wpbc.balancer__set_max_threads( 3 );  _wpbc.calendar__set_param_value( 2 , 'calendar_scroll_to' , false );  _wpbc.calendar__set_param_value( 2 , 'booking_max_monthes_in_calendar' , '3m' );  _wpbc.calendar__set_param_value( 2 , 'booking_start_day_weeek' , '0' );  _wpbc.calendar__set_param_value( 2 , 'calendar_number_of_months' , '1' );   _wpbc.calendar__set_param_value( 2, 'days_select_mode', 'single' );   _wpbc.calendar__set_param_value( 2, 'fixed__days_num', 3 );   _wpbc.calendar__set_param_value( 2, 'fixed__week_days__start',   [-1] );   _wpbc.calendar__set_param_value( 2, 'dynamic__days_min', 1 );   _wpbc.calendar__set_param_value( 2, 'dynamic__days_max', 30 );   _wpbc.calendar__set_param_value( 2, 'dynamic__days_specific',    [] );   _wpbc.calendar__set_param_value( 2, 'dynamic__week_days__start', [-1] );   _wpbc.calendar__set_param_value( 2, 'booking_date_format', 'F j, Y' );   _wpbc.calendar__set_param_value( 2, 'booking_time_format', 'g:i a' );  _wpbc.calendar__set_param_value( 2 , 'booking_recurrent_time' , 'Off' );   if ( 'function' === typeof ( wpbc__conditions__SAVE_INITIAL__days_selection_params__bm ) ){ wpbc__conditions__SAVE_INITIAL__days_selection_params__bm( 2 ); }   wpbc_calendar_show( '2' );   _wpbc.set_secure_param( 'nonce',   'b8438c4f57' );   _wpbc.set_secure_param( 'user_id', '0' );   _wpbc.set_secure_param( 'locale',  'de_DE' );  wpbc_calendar__load_data__ajx( {\"resource_id\":2,\"booking_hash\":\"\",\"request_uri\":\"\\\/de\\\/wp-json\\\/wp\\\/v2\\\/pages\\\/4069\",\"custom_form\":\"custom-time\",\"aggregate_resource_id_str\":\"\",\"aggregate_type\":\"all\"} );  } ); <\/script><\/div>\n<\/div>\n<p><!--more--><br \/>\n<!-- {\"type\":\"layout\",\"children\":[{\"type\":\"section\",\"props\":{\"animation\":\"slide-bottom-medium\",\"header_transparent\":true,\"header_transparent_noplaceholder\":true,\"image_effect\":\"fixed\",\"image_position\":\"center-center\",\"image_size\":\"cover\",\"media_overlay\":\"rgba(0, 0, 0, 0.42)\",\"padding\":\"large\",\"padding_remove_bottom\":false,\"style\":\"primary\",\"text_color\":\"light\",\"title_breakpoint\":\"xl\",\"title_position\":\"top-left\",\"title_rotation\":\"left\",\"vertical_align\":\"middle\",\"video\":\"wp-content\\\/uploads\\\/2026\\\/04\\\/un_restaurant_website_-_fine_dinning_section_v1-1080p.mp4\",\"width\":\"expand\"},\"children\":[{\"type\":\"row\",\"children\":[{\"type\":\"column\",\"props\":{\"image_position\":\"center-center\",\"position_sticky_breakpoint\":\"m\",\"position_sticky_offset\":\"100px\",\"width_medium\":\"1-4\"}},{\"type\":\"column\",\"props\":{\"image_position\":\"center-center\",\"position_sticky_breakpoint\":\"m\",\"width_medium\":\"1-2\"},\"children\":[{\"type\":\"panel\",\"props\":{\"block_align\":\"center\",\"content\":\"[booking resource_id=2 form_type='custom-time']\",\"content_align\":false,\"content_column_breakpoint\":\"m\",\"content_style\":\"text-small\",\"css\":\".el-meta {\\n   text-align: left;\\n}\\n\\n.el-content {\\n    color: #fff;\\n}\",\"icon_width\":80,\"image_align\":\"top\",\"image_grid_breakpoint\":\"m\",\"image_grid_width\":\"1-2\",\"image_svg_color\":\"emphasis\",\"link_style\":\"default\",\"link_text\":\"Read more\",\"margin\":\"default\",\"meta\":\"\n\n<p>*Reservierungen m\\u00fcssen 24 Stunden im Voraus gemacht werden. Bei speziellen Ern\\u00e4hrungsw\\u00fcnschen kontaktieren Sie bitte das Farmhouse Resort vor Ihrer Ankunft. <\\\/br> <\\\/br> Mittagsmen\\u00fc: USD 75 pro Person (Preise ohne Getr\\u00e4nke) \\u00d6ffnungszeiten: DIENSTAG \\u2013 SAMSTAG \\u2022 12 Uhr \\u2013 14 Uhr<\\\/p>\",\"meta_align\":\"below-title\",\"meta_element\":\"div\",\"meta_style\":\"text-small\",\"panel_padding\":\"large\",\"panel_style\":\"card-default\",\"text_align\":\"center\",\"title\":\"Lunch Table Reservieren\",\"title_align\":\"top\",\"title_color\":\"muted\",\"title_element\":\"h3\",\"title_grid_breakpoint\":\"m\",\"title_grid_width\":\"1-2\",\"title_hover_style\":\"reset\",\"title_style\":\"h2\"}}]},{\"type\":\"column\",\"props\":{\"image_position\":\"center-center\",\"position_sticky_breakpoint\":\"m\",\"width_medium\":\"1-4\"}}],\"props\":{\"layout\":\"1-4,1-2,1-4\"}}]}],\"version\":\"4.3.8\"} --><\/p>\n","protected":false},"excerpt":{"rendered":"<p>Lunch Table Reservieren *Reservierungen m\u00fcssen 24 Stunden im Voraus gemacht werden. Bei speziellen Ern\u00e4hrungsw\u00fcnschen kontaktieren Sie bitte das Farmhouse Resort vor Ihrer Ankunft. Mittagsmen\u00fc: USD 75 pro Person (Preise ohne Getr\u00e4nke) \u00d6ffnungszeiten: DIENSTAG \u2013 SAMSTAG \u2022 12 Uhr \u2013 14 Uhr<\/p>\n","protected":false},"author":1,"featured_media":0,"parent":0,"menu_order":0,"comment_status":"closed","ping_status":"closed","template":"","meta":{"_acf_changed":false,"footnotes":""},"class_list":["post-4069","page","type-page","status-publish","hentry"],"acf":[],"yoast_head":"<!-- This site is optimized with the Yoast SEO Premium plugin v22.6 (Yoast SEO v23.4) - https:\/\/yoast.com\/wordpress\/plugins\/seo\/ -->\n<title>Book A Lunch Table - Restaurant Un | Fine Dining Khmer Cuisine by Mariya Un Noun<\/title>\n<meta name=\"robots\" content=\"index, follow, max-snippet:-1, max-image-preview:large, max-video-preview:-1\" \/>\n<link rel=\"canonical\" href=\"https:\/\/www.restaurantun.com\/de\/book-a-lunch-table\/\" \/>\n<meta property=\"og:locale\" content=\"de_DE\" \/>\n<meta property=\"og:type\" content=\"article\" \/>\n<meta property=\"og:title\" content=\"Book A Lunch Table\" \/>\n<meta property=\"og:description\" content=\"Lunch Table Reservieren *Reservierungen m\u00fcssen 24 Stunden im Voraus gemacht werden. Bei speziellen Ern\u00e4hrungsw\u00fcnschen kontaktieren Sie bitte das Farmhouse Resort vor Ihrer Ankunft. Mittagsmen\u00fc: USD 75 pro Person (Preise ohne Getr\u00e4nke) \u00d6ffnungszeiten: DIENSTAG \u2013 SAMSTAG \u2022 12 Uhr \u2013 14 Uhr\" \/>\n<meta property=\"og:url\" content=\"https:\/\/www.restaurantun.com\/de\/book-a-lunch-table\/\" \/>\n<meta property=\"og:site_name\" content=\"Restaurant Un | Fine Dining Khmer Cuisine by Mariya Un Noun\" \/>\n<meta property=\"article:publisher\" content=\"https:\/\/www.facebook.com\/FarmhouseResortSpa\" \/>\n<meta property=\"article:modified_time\" content=\"2026-04-16T11:25:13+00:00\" \/>\n<meta name=\"twitter:card\" content=\"summary_large_image\" \/>\n<meta name=\"twitter:label1\" content=\"Gesch\u00e4tzte Lesezeit\" \/>\n\t<meta name=\"twitter:data1\" content=\"1\u00a0Minute\" \/>\n<script type=\"application\/ld+json\" class=\"yoast-schema-graph\">{\"@context\":\"https:\/\/schema.org\",\"@graph\":[{\"@type\":\"WebPage\",\"@id\":\"https:\/\/www.restaurantun.com\/de\/book-a-lunch-table\/\",\"url\":\"https:\/\/www.restaurantun.com\/de\/book-a-lunch-table\/\",\"name\":\"Book A Lunch Table - Restaurant Un | Fine Dining Khmer Cuisine by Mariya Un Noun\",\"isPartOf\":{\"@id\":\"https:\/\/www.restaurantun.com\/de\/#website\"},\"datePublished\":\"2024-06-19T08:36:13+00:00\",\"dateModified\":\"2026-04-16T11:25:13+00:00\",\"breadcrumb\":{\"@id\":\"https:\/\/www.restaurantun.com\/de\/book-a-lunch-table\/#breadcrumb\"},\"inLanguage\":\"de\",\"potentialAction\":[{\"@type\":\"ReadAction\",\"target\":[\"https:\/\/www.restaurantun.com\/de\/book-a-lunch-table\/\"]}]},{\"@type\":\"BreadcrumbList\",\"@id\":\"https:\/\/www.restaurantun.com\/de\/book-a-lunch-table\/#breadcrumb\",\"itemListElement\":[{\"@type\":\"ListItem\",\"position\":1,\"name\":\"Home\",\"item\":\"https:\/\/www.restaurantun.com\/de\/\"},{\"@type\":\"ListItem\",\"position\":2,\"name\":\"Book A Lunch Table\"}]},{\"@type\":\"WebSite\",\"@id\":\"https:\/\/www.restaurantun.com\/de\/#website\",\"url\":\"https:\/\/www.restaurantun.com\/de\/\",\"name\":\"Restaurant Un | Fine Dining Khmer Cuisine by Mariya Un Noun\",\"description\":\"\",\"publisher\":{\"@id\":\"https:\/\/www.restaurantun.com\/de\/#organization\"},\"potentialAction\":[{\"@type\":\"SearchAction\",\"target\":{\"@type\":\"EntryPoint\",\"urlTemplate\":\"https:\/\/www.restaurantun.com\/de\/?s={search_term_string}\"},\"query-input\":{\"@type\":\"PropertyValueSpecification\",\"valueRequired\":true,\"valueName\":\"search_term_string\"}}],\"inLanguage\":\"de\"},{\"@type\":\"Organization\",\"@id\":\"https:\/\/www.restaurantun.com\/de\/#organization\",\"name\":\"Restaurant Un | Fine Dining Khmer Cuisine by Mariya Un Noun\",\"url\":\"https:\/\/www.restaurantun.com\/de\/\",\"logo\":{\"@type\":\"ImageObject\",\"inLanguage\":\"de\",\"@id\":\"https:\/\/www.restaurantun.com\/de\/#\/schema\/logo\/image\/\",\"url\":\"https:\/\/www.restaurantun.com\/wp-content\/uploads\/2024\/04\/un_logo.svg\",\"contentUrl\":\"https:\/\/www.restaurantun.com\/wp-content\/uploads\/2024\/04\/un_logo.svg\",\"width\":1,\"height\":1,\"caption\":\"Restaurant Un | Fine Dining Khmer Cuisine by Mariya Un Noun\"},\"image\":{\"@id\":\"https:\/\/www.restaurantun.com\/de\/#\/schema\/logo\/image\/\"},\"sameAs\":[\"https:\/\/www.facebook.com\/FarmhouseResortSpa\",\"https:\/\/www.instagram.com\/farmhousesmilinggecko\/\"]}]}<\/script>\n<!-- \/ Yoast SEO Premium plugin. -->","yoast_head_json":{"title":"Book A Lunch Table - Restaurant Un | Fine Dining Khmer Cuisine by Mariya Un Noun","robots":{"index":"index","follow":"follow","max-snippet":"max-snippet:-1","max-image-preview":"max-image-preview:large","max-video-preview":"max-video-preview:-1"},"canonical":"https:\/\/www.restaurantun.com\/de\/book-a-lunch-table\/","og_locale":"de_DE","og_type":"article","og_title":"Book A Lunch Table","og_description":"Lunch Table Reservieren *Reservierungen m\u00fcssen 24 Stunden im Voraus gemacht werden. Bei speziellen Ern\u00e4hrungsw\u00fcnschen kontaktieren Sie bitte das Farmhouse Resort vor Ihrer Ankunft. Mittagsmen\u00fc: USD 75 pro Person (Preise ohne Getr\u00e4nke) \u00d6ffnungszeiten: DIENSTAG \u2013 SAMSTAG \u2022 12 Uhr \u2013 14 Uhr","og_url":"https:\/\/www.restaurantun.com\/de\/book-a-lunch-table\/","og_site_name":"Restaurant Un | Fine Dining Khmer Cuisine by Mariya Un Noun","article_publisher":"https:\/\/www.facebook.com\/FarmhouseResortSpa","article_modified_time":"2026-04-16T11:25:13+00:00","twitter_card":"summary_large_image","twitter_misc":{"Gesch\u00e4tzte Lesezeit":"1\u00a0Minute"},"schema":{"@context":"https:\/\/schema.org","@graph":[{"@type":"WebPage","@id":"https:\/\/www.restaurantun.com\/de\/book-a-lunch-table\/","url":"https:\/\/www.restaurantun.com\/de\/book-a-lunch-table\/","name":"Book A Lunch Table - Restaurant Un | Fine Dining Khmer Cuisine by Mariya Un Noun","isPartOf":{"@id":"https:\/\/www.restaurantun.com\/de\/#website"},"datePublished":"2024-06-19T08:36:13+00:00","dateModified":"2026-04-16T11:25:13+00:00","breadcrumb":{"@id":"https:\/\/www.restaurantun.com\/de\/book-a-lunch-table\/#breadcrumb"},"inLanguage":"de","potentialAction":[{"@type":"ReadAction","target":["https:\/\/www.restaurantun.com\/de\/book-a-lunch-table\/"]}]},{"@type":"BreadcrumbList","@id":"https:\/\/www.restaurantun.com\/de\/book-a-lunch-table\/#breadcrumb","itemListElement":[{"@type":"ListItem","position":1,"name":"Home","item":"https:\/\/www.restaurantun.com\/de\/"},{"@type":"ListItem","position":2,"name":"Book A Lunch Table"}]},{"@type":"WebSite","@id":"https:\/\/www.restaurantun.com\/de\/#website","url":"https:\/\/www.restaurantun.com\/de\/","name":"Restaurant Un | Fine Dining Khmer Cuisine by Mariya Un Noun","description":"","publisher":{"@id":"https:\/\/www.restaurantun.com\/de\/#organization"},"potentialAction":[{"@type":"SearchAction","target":{"@type":"EntryPoint","urlTemplate":"https:\/\/www.restaurantun.com\/de\/?s={search_term_string}"},"query-input":{"@type":"PropertyValueSpecification","valueRequired":true,"valueName":"search_term_string"}}],"inLanguage":"de"},{"@type":"Organization","@id":"https:\/\/www.restaurantun.com\/de\/#organization","name":"Restaurant Un | Fine Dining Khmer Cuisine by Mariya Un Noun","url":"https:\/\/www.restaurantun.com\/de\/","logo":{"@type":"ImageObject","inLanguage":"de","@id":"https:\/\/www.restaurantun.com\/de\/#\/schema\/logo\/image\/","url":"https:\/\/www.restaurantun.com\/wp-content\/uploads\/2024\/04\/un_logo.svg","contentUrl":"https:\/\/www.restaurantun.com\/wp-content\/uploads\/2024\/04\/un_logo.svg","width":1,"height":1,"caption":"Restaurant Un | Fine Dining Khmer Cuisine by Mariya Un Noun"},"image":{"@id":"https:\/\/www.restaurantun.com\/de\/#\/schema\/logo\/image\/"},"sameAs":["https:\/\/www.facebook.com\/FarmhouseResortSpa","https:\/\/www.instagram.com\/farmhousesmilinggecko\/"]}]}},"_links":{"self":[{"href":"https:\/\/www.restaurantun.com\/de\/wp-json\/wp\/v2\/pages\/4069","targetHints":{"allow":["GET"]}}],"collection":[{"href":"https:\/\/www.restaurantun.com\/de\/wp-json\/wp\/v2\/pages"}],"about":[{"href":"https:\/\/www.restaurantun.com\/de\/wp-json\/wp\/v2\/types\/page"}],"author":[{"embeddable":true,"href":"https:\/\/www.restaurantun.com\/de\/wp-json\/wp\/v2\/users\/1"}],"replies":[{"embeddable":true,"href":"https:\/\/www.restaurantun.com\/de\/wp-json\/wp\/v2\/comments?post=4069"}],"version-history":[{"count":5,"href":"https:\/\/www.restaurantun.com\/de\/wp-json\/wp\/v2\/pages\/4069\/revisions"}],"predecessor-version":[{"id":4739,"href":"https:\/\/www.restaurantun.com\/de\/wp-json\/wp\/v2\/pages\/4069\/revisions\/4739"}],"wp:attachment":[{"href":"https:\/\/www.restaurantun.com\/de\/wp-json\/wp\/v2\/media?parent=4069"}],"curies":[{"name":"wp","href":"https:\/\/api.w.org\/{rel}","templated":true}]}}